{"id":4593,"date":"2018-12-13T13:56:54","date_gmt":"2018-12-13T11:56:54","guid":{"rendered":"https:\/\/otzarretaclientes.com\/engranajesjuaristi\/empresa\/"},"modified":"2021-07-23T13:03:10","modified_gmt":"2021-07-23T11:03:10","slug":"societe","status":"publish","type":"page","link":"https:\/\/engranajesjuaristi.com\/fr\/societe\/","title":{"rendered":"Soci\u00e9t\u00e9"},"content":{"rendered":"\n\n\t<section class=\"section no-padding\" id=\"section_1091045607\">\n\t\t<div class=\"section-bg fill\" >\n\t\t\t\t\t\t\t\t\t\n\t\t\t\n\n\t\t<\/div>\n\n\t\t\n\n\t\t<div class=\"section-content relative\">\n\t\t\t\n\n\n  <div class=\"banner has-hover has-parallax\" id=\"banner-1861189912\">\n          <div class=\"banner-inner fill\">\n        <div class=\"banner-bg fill\" data-parallax=\"-6\" data-parallax-container=\".banner\" data-parallax-background>\n            <img loading=\"lazy\" decoding=\"async\" width=\"1920\" height=\"800\" src=\"https:\/\/engranajesjuaristi.com\/wp-content\/uploads\/2021\/05\/empresa_titulo_02.jpg\" class=\"bg attachment-original size-original\" alt=\"empresa titulo 02\" \/>                        <div class=\"overlay\"><\/div>            \n                    <\/div>\n\t\t\n        <div class=\"banner-layers container\">\n            <div class=\"fill banner-link\"><\/div>            \n\n   <div id=\"text-box-1104505816\" class=\"text-box banner-layer x50 md-x50 lg-x50 y50 md-y50 lg-y50 res-text\">\n                     <div data-animate=\"fadeInDown\">           <div class=\"text-box-content text dark\">\n              \n              <div class=\"text-inner text-center\">\n                  \n\n<h1 class=\"uppercase\"><strong>Engranajes Juaristi<\/strong><\/h1>\n\n              <\/div>\n           <\/div>\n       <\/div>                     \n<style>\n#text-box-1104505816 {\n  width: 60%;\n}\n#text-box-1104505816 .text-box-content {\n  font-size: 100%;\n}\n<\/style>\n    <\/div>\n \n\n        <\/div>\n      <\/div>\n\n            \n<style>\n#banner-1861189912 {\n  padding-top: 400px;\n}\n#banner-1861189912 .overlay {\n  background-color: rgba(0, 0, 0, 0.3);\n}\n#banner-1861189912 .banner-bg img {\n  object-position: 30% 43%;\n}\n<\/style>\n  <\/div>\n\n\n\n\t\t<\/div>\n\n\t\t\n<style>\n#section_1091045607 {\n  padding-top: 30px;\n  padding-bottom: 30px;\n}\n<\/style>\n\t<\/section>\n\t\n\n\t<section class=\"section\" id=\"section_70808615\">\n\t\t<div class=\"section-bg fill\" >\n\t\t\t\t\t\t\t\t\t\n\t\t\t\n\n\t\t<\/div>\n\n\t\t\n\n\t\t<div class=\"section-content relative\">\n\t\t\t\n\n\t<div id=\"gap-2145307857\" class=\"gap-element clearfix\" style=\"display:block; height:auto;\">\n\t\t\n<style>\n#gap-2145307857 {\n  padding-top: 50px;\n}\n<\/style>\n\t<\/div>\n\t\n\n<div class=\"row\"  id=\"row-1552926435\">\n\n\n\t<div id=\"col-93998612\" class=\"col medium-6 small-12 large-6\"  data-animate=\"fadeInLeft\">\n\t\t\t\t<div class=\"col-inner\"  >\n\t\t\t\n\t\t\t\n\n\t<div class=\"img has-hover x md-x lg-x y md-y lg-y\" id=\"image_284400974\">\n\t\t\t\t\t\t\t\t<div class=\"img-inner dark\" >\n\t\t\t<img loading=\"lazy\" decoding=\"async\" width=\"800\" height=\"690\" src=\"https:\/\/engranajesjuaristi.com\/wp-content\/uploads\/2021\/05\/empresa_01.jpg\" class=\"attachment-original size-original\" alt=\"empresa 01\" srcset=\"https:\/\/engranajesjuaristi.com\/wp-content\/uploads\/2021\/05\/empresa_01.jpg 800w, https:\/\/engranajesjuaristi.com\/wp-content\/uploads\/2021\/05\/empresa_01-300x259.jpg 300w, https:\/\/engranajesjuaristi.com\/wp-content\/uploads\/2021\/05\/empresa_01-768x662.jpg 768w\" sizes=\"auto, (max-width: 800px) 100vw, 800px\" \/>\t\t\t\t\t\t\n\t\t\t\t\t<\/div>\n\t\t\t\t\t\t\t\t\n<style>\n#image_284400974 {\n  width: 100%;\n}\n<\/style>\n\t<\/div>\n\t\n\n\n\t\t<\/div>\n\t\t\t\t\t<\/div>\n\n\t\n\n\t<div id=\"col-1146733928\" class=\"col medium-6 small-12 large-6\"  >\n\t\t\t\t<div class=\"col-inner\"  >\n\t\t\t\n\t\t\t\n\n<h2>Pi\u00e8ces de transmission de la plus haute qualit\u00e9<\/h2>\n\t<div id=\"gap-108877203\" class=\"gap-element clearfix\" style=\"display:block; height:auto;\">\n\t\t\n<style>\n#gap-108877203 {\n  padding-top: 20px;\n}\n<\/style>\n\t<\/div>\n\t\n\n<p>La qualit\u00e9 ainsi que la rapidit\u00e9 de notre r\u00e9ponse sont notre marque de fabrique.<\/p>\n<p>Nous restons tr\u00e8s souples dans l&rsquo;offre et l&rsquo;ex\u00e9cution de petites et moyennes s\u00e9ries, voire de pi\u00e8ces unitaires. Notre sp\u00e9cialisation et notre engagement vous assurent une flexibilit\u00e9 dans l&rsquo;ex\u00e9cution de pi\u00e8ces et de projets sur mesure.<\/p>\n\n\t\t<\/div>\n\t\t\t\t\n<style>\n#col-1146733928 > .col-inner {\n  padding: 0px 20px 0px 20px;\n}\n<\/style>\n\t<\/div>\n\n\t\n\n<\/div>\n\t<div id=\"gap-2110436802\" class=\"gap-element clearfix\" style=\"display:block; height:auto;\">\n\t\t\n<style>\n#gap-2110436802 {\n  padding-top: 40px;\n}\n<\/style>\n\t<\/div>\n\t\n\n<div class=\"row\"  id=\"row-967755906\">\n\n\n\t<div id=\"col-530868532\" class=\"col medium-6 small-12 large-6\"  >\n\t\t\t\t<div class=\"col-inner\"  >\n\t\t\t\n\t\t\t\n\n<p>Engranajes JUARISTI, S.L. est une entreprise d\u00e9di\u00e9e \u00e0 l&rsquo;univers de l&rsquo;engrenage depuis 1958. Alliant exp\u00e9rience et am\u00e9lioration continue, nous nous appuyons sur des technologies de pointe et une \u00e9quipe humaine en formation constante, afin de fournir les services dont nos clients ont besoin en mati\u00e8re d&rsquo;engrenages.<\/p>\n<p>Nous disposons de moyens de production de marques leaders que nous renouvelons en permanence afin d&rsquo;apporter au quotidien une r\u00e9ponse fiable aux exigences techniques du march\u00e9.<\/p>\n\n\t\t<\/div>\n\t\t\t\t\n<style>\n#col-530868532 > .col-inner {\n  padding: 0px 20px 0px 20px;\n}\n<\/style>\n\t<\/div>\n\n\t\n\n\t<div id=\"col-1885872917\" class=\"col medium-6 small-12 large-6 small-col-first\"  data-animate=\"fadeInRight\">\n\t\t\t\t<div class=\"col-inner\"  >\n\t\t\t\n\t\t\t\n\n\t<div class=\"img has-hover x md-x lg-x y md-y lg-y\" id=\"image_577562609\">\n\t\t\t\t\t\t\t\t<div class=\"img-inner dark\" >\n\t\t\t<img loading=\"lazy\" decoding=\"async\" width=\"800\" height=\"690\" src=\"https:\/\/engranajesjuaristi.com\/wp-content\/uploads\/2021\/05\/empresa_02.jpg\" class=\"attachment-original size-original\" alt=\"empresa 02\" srcset=\"https:\/\/engranajesjuaristi.com\/wp-content\/uploads\/2021\/05\/empresa_02.jpg 800w, https:\/\/engranajesjuaristi.com\/wp-content\/uploads\/2021\/05\/empresa_02-300x259.jpg 300w, https:\/\/engranajesjuaristi.com\/wp-content\/uploads\/2021\/05\/empresa_02-768x662.jpg 768w\" sizes=\"auto, (max-width: 800px) 100vw, 800px\" \/>\t\t\t\t\t\t\n\t\t\t\t\t<\/div>\n\t\t\t\t\t\t\t\t\n<style>\n#image_577562609 {\n  width: 100%;\n}\n<\/style>\n\t<\/div>\n\t\n\n\n\t\t<\/div>\n\t\t\t\t\t<\/div>\n\n\t\n\n<\/div>\n\n\t\t<\/div>\n\n\t\t\n<style>\n#section_70808615 {\n  padding-top: 30px;\n  padding-bottom: 30px;\n}\n<\/style>\n\t<\/section>\n\t\n\t<div id=\"gap-446570537\" class=\"gap-element clearfix\" style=\"display:block; height:auto;\">\n\t\t\n<style>\n#gap-446570537 {\n  padding-top: 40px;\n}\n<\/style>\n\t<\/div>\n\t\n\n\n\t<section class=\"section\" id=\"section_1302453262\">\n\t\t<div class=\"section-bg fill\" >\n\t\t\t\t\t\t\t\t\t\n\t\t\t\n\n\t\t<\/div>\n\n\t\t\n\n\t\t<div class=\"section-content relative\">\n\t\t\t\n\n<div class=\"row align-center\"  id=\"row-1502881430\">\n\n\n\t<div id=\"col-2741479\" class=\"col small-12 large-12\"  data-animate=\"fadeInUp\">\n\t\t\t\t<div class=\"col-inner text-left\"  >\n\t\t\t\n\t\t\t\n\n<div class=\"container section-title-container\" ><h3 class=\"section-title section-title-center\"><b aria-hidden=\"true\"><\/b><span class=\"section-title-main\" style=\"font-size:110%;\">LIENS D'INT\u00c9R\u00caT<\/span><b aria-hidden=\"true\"><\/b><\/h3><\/div>\n\n<div class=\"row align-middle align-center row-dashed\"  id=\"row-1851343972\">\n\n\n\t<div id=\"col-498131759\" class=\"col medium-4 small-12 large-4\"  >\n\t\t\t\t<div class=\"col-inner text-center\"  >\n\t\t\t\n\t\t\t\n\n<div class=\"ux-logo has-hover align-middle ux_logo inline-block\" style=\"max-width: 100%!important; width: 320px!important\"><a class=\"ux-logo-link block image-zoom\" title=\"\" target=\"_blank\" rel=\"noopener\" href=\"https:\/\/www.afm.es\/\" style=\"padding: 15px;\"><img decoding=\"async\" src=\"https:\/\/engranajesjuaristi.com\/wp-content\/uploads\/2021\/05\/logos-enlaces-interes_01.png\" title=\"\" alt=\"\" class=\"ux-logo-image block\" style=\"height:140px;\" \/><\/a><\/div>\n\n\n\t\t<\/div>\n\t\t\t\t\t<\/div>\n\n\t\n\n\t<div id=\"col-2053405099\" class=\"col medium-4 small-12 large-4\"  >\n\t\t\t\t<div class=\"col-inner text-center\"  >\n\t\t\t\n\t\t\t\n\n<div class=\"ux-logo has-hover align-middle ux_logo inline-block\" style=\"max-width: 100%!important; width: 320px!important\"><a class=\"ux-logo-link block image-zoom\" title=\"\" target=\"_blank\" rel=\"noopener\" href=\"http:\/\/www.ori-zautz.com\/\" style=\"padding: 15px;\"><img decoding=\"async\" src=\"https:\/\/engranajesjuaristi.com\/wp-content\/uploads\/2021\/05\/logos-enlaces-interes_02.png\" title=\"\" alt=\"\" class=\"ux-logo-image block\" style=\"height:140px;\" \/><\/a><\/div>\n\n\n\t\t<\/div>\n\t\t\t\t\t<\/div>\n\n\t\n\n<\/div>\n\n\t\t<\/div>\n\t\t\t\t\t<\/div>\n\n\t\n\n<\/div>\n\n\t\t<\/div>\n\n\t\t\n<style>\n#section_1302453262 {\n  padding-top: 50px;\n  padding-bottom: 50px;\n  background-color: rgb(243, 243, 243);\n}\n<\/style>\n\t<\/section>\n\t\n\n","protected":false},"excerpt":{"rendered":"","protected":false},"author":5,"featured_media":0,"parent":0,"menu_order":0,"comment_status":"closed","ping_status":"closed","template":"page-blank.php","meta":{"footnotes":""},"class_list":["post-4593","page","type-page","status-publish","hentry"],"yoast_head":"<!-- This site is optimized with the Yoast SEO plugin v27.5 - https:\/\/yoast.com\/product\/yoast-seo-wordpress\/ -->\n<title>Soci\u00e9t\u00e9 - Engranajes Juaristi<\/title>\n<meta name=\"robots\" content=\"index, follow, max-snippet:-1, max-image-preview:large, max-video-preview:-1\" \/>\n<link rel=\"canonical\" href=\"https:\/\/engranajesjuaristi.com\/fr\/societe\/\" \/>\n<meta property=\"og:locale\" content=\"fr_FR\" \/>\n<meta property=\"og:type\" content=\"article\" \/>\n<meta property=\"og:title\" content=\"Soci\u00e9t\u00e9 - Engranajes Juaristi\" \/>\n<meta property=\"og:url\" content=\"https:\/\/engranajesjuaristi.com\/fr\/societe\/\" \/>\n<meta property=\"og:site_name\" content=\"Engranajes Juaristi\" \/>\n<meta property=\"article:modified_time\" content=\"2021-07-23T11:03:10+00:00\" \/>\n<meta property=\"og:image\" content=\"https:\/\/engranajesjuaristi.com\/wp-content\/uploads\/2021\/05\/juaristi_logo_web3.png\" \/>\n\t<meta property=\"og:image:width\" content=\"810\" \/>\n\t<meta property=\"og:image:height\" content=\"182\" \/>\n\t<meta property=\"og:image:type\" content=\"image\/png\" \/>\n<meta name=\"twitter:card\" content=\"summary_large_image\" \/>\n<meta name=\"twitter:label1\" content=\"Dur\u00e9e de lecture estim\u00e9e\" \/>\n\t<meta name=\"twitter:data1\" content=\"2 minutes\" \/>\n<script type=\"application\/ld+json\" class=\"yoast-schema-graph\">{\"@context\":\"https:\\\/\\\/schema.org\",\"@graph\":[{\"@type\":\"WebPage\",\"@id\":\"https:\\\/\\\/engranajesjuaristi.com\\\/fr\\\/societe\\\/\",\"url\":\"https:\\\/\\\/engranajesjuaristi.com\\\/fr\\\/societe\\\/\",\"name\":\"Soci\u00e9t\u00e9 - Engranajes Juaristi\",\"isPartOf\":{\"@id\":\"https:\\\/\\\/engranajesjuaristi.com\\\/fr\\\/#website\"},\"datePublished\":\"2018-12-13T11:56:54+00:00\",\"dateModified\":\"2021-07-23T11:03:10+00:00\",\"breadcrumb\":{\"@id\":\"https:\\\/\\\/engranajesjuaristi.com\\\/fr\\\/societe\\\/#breadcrumb\"},\"inLanguage\":\"fr-FR\",\"potentialAction\":[{\"@type\":\"ReadAction\",\"target\":[\"https:\\\/\\\/engranajesjuaristi.com\\\/fr\\\/societe\\\/\"]}]},{\"@type\":\"BreadcrumbList\",\"@id\":\"https:\\\/\\\/engranajesjuaristi.com\\\/fr\\\/societe\\\/#breadcrumb\",\"itemListElement\":[{\"@type\":\"ListItem\",\"position\":1,\"name\":\"Portada\",\"item\":\"https:\\\/\\\/engranajesjuaristi.com\\\/fr\\\/\"},{\"@type\":\"ListItem\",\"position\":2,\"name\":\"Soci\u00e9t\u00e9\"}]},{\"@type\":\"WebSite\",\"@id\":\"https:\\\/\\\/engranajesjuaristi.com\\\/fr\\\/#website\",\"url\":\"https:\\\/\\\/engranajesjuaristi.com\\\/fr\\\/\",\"name\":\"Engranajes Juaristi\",\"description\":\"Fabricaci\u00f3n de Engranajes, Cremalleras, Grupos sinfin-corona, Pi\u00f1ones\",\"publisher\":{\"@id\":\"https:\\\/\\\/engranajesjuaristi.com\\\/fr\\\/#organization\"},\"potentialAction\":[{\"@type\":\"SearchAction\",\"target\":{\"@type\":\"EntryPoint\",\"urlTemplate\":\"https:\\\/\\\/engranajesjuaristi.com\\\/fr\\\/?s={search_term_string}\"},\"query-input\":{\"@type\":\"PropertyValueSpecification\",\"valueRequired\":true,\"valueName\":\"search_term_string\"}}],\"inLanguage\":\"fr-FR\"},{\"@type\":\"Organization\",\"@id\":\"https:\\\/\\\/engranajesjuaristi.com\\\/fr\\\/#organization\",\"name\":\"Engranajes Juaristi\",\"url\":\"https:\\\/\\\/engranajesjuaristi.com\\\/fr\\\/\",\"logo\":{\"@type\":\"ImageObject\",\"inLanguage\":\"fr-FR\",\"@id\":\"https:\\\/\\\/engranajesjuaristi.com\\\/fr\\\/#\\\/schema\\\/logo\\\/image\\\/\",\"url\":\"https:\\\/\\\/engranajesjuaristi.com\\\/wp-content\\\/uploads\\\/2021\\\/05\\\/juaristi_logo_web3.png\",\"contentUrl\":\"https:\\\/\\\/engranajesjuaristi.com\\\/wp-content\\\/uploads\\\/2021\\\/05\\\/juaristi_logo_web3.png\",\"width\":810,\"height\":182,\"caption\":\"Engranajes Juaristi\"},\"image\":{\"@id\":\"https:\\\/\\\/engranajesjuaristi.com\\\/fr\\\/#\\\/schema\\\/logo\\\/image\\\/\"},\"sameAs\":[\"https:\\\/\\\/www.linkedin.com\\\/company\\\/engranajesjuaristi\\\/\"]}]}<\/script>\n<!-- \/ Yoast SEO plugin. -->","yoast_head_json":{"title":"Soci\u00e9t\u00e9 - Engranajes Juaristi","robots":{"index":"index","follow":"follow","max-snippet":"max-snippet:-1","max-image-preview":"max-image-preview:large","max-video-preview":"max-video-preview:-1"},"canonical":"https:\/\/engranajesjuaristi.com\/fr\/societe\/","og_locale":"fr_FR","og_type":"article","og_title":"Soci\u00e9t\u00e9 - Engranajes Juaristi","og_url":"https:\/\/engranajesjuaristi.com\/fr\/societe\/","og_site_name":"Engranajes Juaristi","article_modified_time":"2021-07-23T11:03:10+00:00","og_image":[{"width":810,"height":182,"url":"https:\/\/engranajesjuaristi.com\/wp-content\/uploads\/2021\/05\/juaristi_logo_web3.png","type":"image\/png"}],"twitter_card":"summary_large_image","twitter_misc":{"Dur\u00e9e de lecture estim\u00e9e":"2 minutes"},"schema":{"@context":"https:\/\/schema.org","@graph":[{"@type":"WebPage","@id":"https:\/\/engranajesjuaristi.com\/fr\/societe\/","url":"https:\/\/engranajesjuaristi.com\/fr\/societe\/","name":"Soci\u00e9t\u00e9 - Engranajes Juaristi","isPartOf":{"@id":"https:\/\/engranajesjuaristi.com\/fr\/#website"},"datePublished":"2018-12-13T11:56:54+00:00","dateModified":"2021-07-23T11:03:10+00:00","breadcrumb":{"@id":"https:\/\/engranajesjuaristi.com\/fr\/societe\/#breadcrumb"},"inLanguage":"fr-FR","potentialAction":[{"@type":"ReadAction","target":["https:\/\/engranajesjuaristi.com\/fr\/societe\/"]}]},{"@type":"BreadcrumbList","@id":"https:\/\/engranajesjuaristi.com\/fr\/societe\/#breadcrumb","itemListElement":[{"@type":"ListItem","position":1,"name":"Portada","item":"https:\/\/engranajesjuaristi.com\/fr\/"},{"@type":"ListItem","position":2,"name":"Soci\u00e9t\u00e9"}]},{"@type":"WebSite","@id":"https:\/\/engranajesjuaristi.com\/fr\/#website","url":"https:\/\/engranajesjuaristi.com\/fr\/","name":"Engranajes Juaristi","description":"Fabricaci\u00f3n de Engranajes, Cremalleras, Grupos sinfin-corona, Pi\u00f1ones","publisher":{"@id":"https:\/\/engranajesjuaristi.com\/fr\/#organization"},"potentialAction":[{"@type":"SearchAction","target":{"@type":"EntryPoint","urlTemplate":"https:\/\/engranajesjuaristi.com\/fr\/?s={search_term_string}"},"query-input":{"@type":"PropertyValueSpecification","valueRequired":true,"valueName":"search_term_string"}}],"inLanguage":"fr-FR"},{"@type":"Organization","@id":"https:\/\/engranajesjuaristi.com\/fr\/#organization","name":"Engranajes Juaristi","url":"https:\/\/engranajesjuaristi.com\/fr\/","logo":{"@type":"ImageObject","inLanguage":"fr-FR","@id":"https:\/\/engranajesjuaristi.com\/fr\/#\/schema\/logo\/image\/","url":"https:\/\/engranajesjuaristi.com\/wp-content\/uploads\/2021\/05\/juaristi_logo_web3.png","contentUrl":"https:\/\/engranajesjuaristi.com\/wp-content\/uploads\/2021\/05\/juaristi_logo_web3.png","width":810,"height":182,"caption":"Engranajes Juaristi"},"image":{"@id":"https:\/\/engranajesjuaristi.com\/fr\/#\/schema\/logo\/image\/"},"sameAs":["https:\/\/www.linkedin.com\/company\/engranajesjuaristi\/"]}]}},"_links":{"self":[{"href":"https:\/\/engranajesjuaristi.com\/fr\/wp-json\/wp\/v2\/pages\/4593","targetHints":{"allow":["GET"]}}],"collection":[{"href":"https:\/\/engranajesjuaristi.com\/fr\/wp-json\/wp\/v2\/pages"}],"about":[{"href":"https:\/\/engranajesjuaristi.com\/fr\/wp-json\/wp\/v2\/types\/page"}],"author":[{"embeddable":true,"href":"https:\/\/engranajesjuaristi.com\/fr\/wp-json\/wp\/v2\/users\/5"}],"replies":[{"embeddable":true,"href":"https:\/\/engranajesjuaristi.com\/fr\/wp-json\/wp\/v2\/comments?post=4593"}],"version-history":[{"count":5,"href":"https:\/\/engranajesjuaristi.com\/fr\/wp-json\/wp\/v2\/pages\/4593\/revisions"}],"predecessor-version":[{"id":5510,"href":"https:\/\/engranajesjuaristi.com\/fr\/wp-json\/wp\/v2\/pages\/4593\/revisions\/5510"}],"wp:attachment":[{"href":"https:\/\/engranajesjuaristi.com\/fr\/wp-json\/wp\/v2\/media?parent=4593"}],"curies":[{"name":"wp","href":"https:\/\/api.w.org\/{rel}","templated":true}]}}