{"id":4575,"date":"2018-11-22T09:10:26","date_gmt":"2018-11-22T09:10:26","guid":{"rendered":"https:\/\/otzarretaclientes.com\/engranajesjuaristi\/aviso-legal\/"},"modified":"2024-12-19T16:14:15","modified_gmt":"2024-12-19T14:14:15","slug":"mentions-legales","status":"publish","type":"page","link":"https:\/\/engranajesjuaristi.com\/fr\/mentions-legales\/","title":{"rendered":"Mentions L\u00e9gales"},"content":{"rendered":"\r\n<h1 class=\"wp-block-heading\">MENTIONS L\u00c9GALES<\/h1>\r\n\r\n\r\n\r\n<p>&nbsp;<\/p>\r\n\r\n\r\n\r\n<p><em><strong>1.\u00a0\u00a0\u00a0 Identit\u00e9 du titulaire du pr\u00e9sent site web.<\/strong><\/em><\/p>\r\n\r\n\r\n\r\n<p>Conform\u00e9ment \u00e0 la Loi 34\/2002 du 11 juillet, sur les Services de la Soci\u00e9t\u00e9 de l&rsquo;Information et du Commerce \u00c9lectronique, nous vous informons que le titulaire du site www.engranajesjuaristi.com est :<\/p>\r\n\r\n\r\n\r\n<p><strong>Raison sociale :<\/strong> ENGRANAJES JUARISTI, S.L.<\/p>\r\n\r\n\r\n\r\n<p><strong>Code d&rsquo;identification fiscale :<\/strong> B20055802<\/p>\r\n\r\n\r\n\r\n<p><strong>Adresse :<\/strong> POLIGONO ABENDA\u00d1O &#8211; ERROTAZAR KALEA, N\u00ba1 20800 Zarautz GUIPUZKOA<\/p>\r\n\r\n\r\n\r\n<p><strong>T\u00e9l\u00e9phone :<\/strong> +34 943 13 2280<\/p>\r\n\r\n\r\n\r\n<p><strong>Courrier \u00e9lectronique :<\/strong> info@engranajesjuaristi.com<\/p>\r\n\r\n\r\n\r\n<p><strong>Donn\u00e9es de registre :<\/strong> Inscrite au Tome 380 du Livre des Soci\u00e9t\u00e9s, Folio 17, Num\u00e9ro 1169<\/p>\r\n\r\n\r\n\r\n<p><em><strong>2.\u00a0\u00a0 Conditions g\u00e9n\u00e9rales d&rsquo;utilisation de ce site Web<\/strong><\/em><\/p>\r\n\r\n\r\n\r\n<p>Le fait d&rsquo;acc\u00e9der \u00e0 ce site Web attribue la condition d&rsquo; \u00ab utilisateur \u00bb et implique l&rsquo;acceptation expresse et sans r\u00e9serves des conditions g\u00e9n\u00e9rales publi\u00e9es sur www.engranjesjuaristi.com, d\u00e8s la connexion au site. Par cons\u00e9quent, l&rsquo;Utilisateur doit lire les pr\u00e9sentes conditions g\u00e9n\u00e9rales d&rsquo;utilisation \u00e0 chaque fois qu&rsquo;il aura l&rsquo;intention d&rsquo;acc\u00e9der et \u00e9ventuellement utiliser les services fournis par le biais de ce site web, dans la mesure o\u00f9 celles-ci peuvent avoir chang\u00e9.<\/p>\r\n\r\n\r\n\r\n<p>En ce sens, on entend par \u00ab Utilisateur \u00bb toute personne qui acc\u00e8de, navigue, utilise ou participe aux services et activit\u00e9s, gratuites ou payantes, d\u00e9velopp\u00e9es sur www.engranajesjuaristi.com.<\/p>\r\n\r\n\r\n\r\n<p><strong>2.1.-Objet et champ d&rsquo;application<\/strong><\/p>\r\n\r\n\r\n\r\n<p>Les pr\u00e9sentes conditions g\u00e9n\u00e9rales d&rsquo;utilisation r\u00e9gissent l&rsquo;acc\u00e8s, la navigation et l&rsquo;utilisation de www.engranajesjuaristi.com, tout comme les responsabilit\u00e9s li\u00e9es \u00e0 l&rsquo;utilisation de ses contenus, comme par exemple les textes, graphismes, dessins, plans, codes, logiciels, photographies, musiques, vid\u00e9os, sons, bases de donn\u00e9es, images, expressions et informations, tout comme toute autre cr\u00e9ation prot\u00e9g\u00e9e par les lois nationales et les trait\u00e9s internationaux en mati\u00e8re de propri\u00e9t\u00e9 intellectuelle et industrielle.<\/p>\r\n\r\n\r\n\r\n<p><strong>2.2.-Conditions d&rsquo;acc\u00e8s et d&rsquo;utilisation des services<\/strong><\/p>\r\n\r\n\r\n\r\n<p>a)\u00a0\u00a0\u00a0\u00a0 L&rsquo;acc\u00e8s \u00e0 www.engranajesjuaristi.com est en principe libre et gratuit.<\/p>\r\n\r\n\r\n\r\n<p>b)\u00a0\u00a0\u00a0 \u00c0 tout moment, l&rsquo;Utilisateur s&rsquo;engage \u00e0 effectuer un usage autoris\u00e9 des services du pr\u00e9sent site web, conform\u00e9ment aux pr\u00e9sentes conditions g\u00e9n\u00e9rales, \u00e0 la l\u00e9gislation en vigueur, \u00e0 la morale et l&rsquo;ordre public tout comme aux pratiques g\u00e9n\u00e9ralement accept\u00e9es sur Internet.<\/p>\r\n\r\n\r\n\r\n<p>c)\u00a0\u00a0\u00a0\u00a0\u00a0 L&rsquo;Utilisateur garantit que toutes les informations fournies par le biais des formulaires inclus sur ce site web sont l\u00e9gales, exactes, v\u00e9ridiques et mises \u00e0 jour. L&rsquo;Utilisateur sera l&rsquo;unique responsable de communiquer imm\u00e9diatement \u00e0 EJSL toute modification pouvant intervenir par rapport aux informations fournies.<\/p>\r\n\r\n\r\n\r\n<p>d)\u00a0\u00a0\u00a0\u00a0 L&rsquo;Utilisateur s&rsquo;abstiendra de : introduire des virus, programmes, macros ou toute s\u00e9quence de caract\u00e8res ayant pour but d&rsquo;endommager ou alt\u00e9rer les syst\u00e8mes informatiques de ce site web ; faire obstacle \u00e0 l&rsquo;acc\u00e8s d&rsquo;autres utilisateurs par le biais d&rsquo;une consommation massive de ressources ; copier des donn\u00e9es incluses sur ce site web \u00e0 des fins publicitaires ; reproduire, copier, distribuer, transformer ou mettre \u00e0 disposition de tiers les contenus inclus sur ce site web ; r\u00e9aliser des actions par le biais des services inclus sur ce site web qui pourraient l\u00e9ser la propri\u00e9t\u00e9 intellectuelle, les secrets industriels, les engagements contractuels, les droits \u00e0 l&rsquo;honneur, \u00e0 l&rsquo;image et \u00e0 la confidentialit\u00e9 personnelle de tiers ; effectuer des actions de concurrence d\u00e9loyale et de publicit\u00e9 illicite.<\/p>\r\n\r\n\r\n\r\n<p><em><strong>3.\u00a0\u00a0 Droits de propri\u00e9t\u00e9 intellectuelle et industrielle.<\/strong><\/em><\/p>\r\n\r\n\r\n\r\n<p>EJSL est propri\u00e9taire des droits de propri\u00e9t\u00e9 intellectuelle et industrielle de tous les \u00e9l\u00e9ments faisant partie de www.engranajesjuaristi.com, y inclus la marque, le nom commercial ou tout signe distinctif. En particulier et \u00e0 titre non exhaustif, sont prot\u00e9g\u00e9s par les droits d&rsquo;auteur, la conception graphique, le code source, les logos, textes, graphismes, illustrations, photographies, sons et autres \u00e9l\u00e9ments contenus sur le site web.<\/p>\r\n\r\n\r\n\r\n<p>L&rsquo;acc\u00e8s ou la navigation sur www.engranajesjuaristi.com n&rsquo;implique en aucun cas le fait de renoncer, transmettre ou fournir une autorisation totale ou partielle de la part de EJSL \u00e0 un usage personnel de l&rsquo;Utilisateur sur ses droits de propri\u00e9t\u00e9 intellectuelle et industrielle.<\/p>\r\n\r\n\r\n\r\n<p>Par cons\u00e9quent, l&rsquo;Utilisateur reconna\u00eet que la reproduction, copie, distribution, commercialisation, transformation, r\u00e9utilisation, communication publique et de mani\u00e8re g\u00e9n\u00e9rale toute autre forme d&rsquo;exploitation, par n&rsquo;importe quel proc\u00e9d\u00e9 que ce soit, de tout ou partie des contenus de www.engranajesjuaristi.com sans autorisation expresse et \u00e9crite de la part de EJSL, constitue une infraction vis-\u00e0-vis de ses droits de propri\u00e9t\u00e9 intellectuelle et\/ou industrielle.<\/p>\r\n\r\n\r\n\r\n<p>Toutes les informations qui ne sont pas consid\u00e9r\u00e9es comme des donn\u00e9es personnelles transmises volontairement \u00e0 www.engranajesjuaristi.com via Internet (y compris toute observation, suggestion, id\u00e9e, graphique, etc.) deviendront la propri\u00e9t\u00e9 exclusive de EJSL, qui d\u00e9tiendra les droits d&rsquo;utilisation illimit\u00e9s, sans que cela donne droit \u00e0 une quelconque compensation en faveur de l&rsquo;Utilisateur.<\/p>\r\n\r\n\r\n\r\n<p><em><strong>4.\u00a0\u00a0 Responsabilit\u00e9s et garanties.<\/strong><\/em><\/p>\r\n\r\n\r\n\r\n<p>4.1.\u00a0\u00a0\u00a0EJSL d\u00e9clare avoir adopt\u00e9 des mesures tant techniques qu&rsquo;organisationnelles qui, dans la mesure de ses possibilit\u00e9s et de l&rsquo;\u00e9tat de la technologie, garantissent le bon fonctionnement du site Web, ainsi que l&rsquo;absence de virus et de composants nuisibles, cependant, EJSL ne peut \u00eatre tenue responsable de : (a) la continuit\u00e9 et la disponibilit\u00e9 des contenus et services inclus dans www.engranajesjuaristi.com (b) l&rsquo;absence d&rsquo;erreurs dans lesdits contenus ni la correction de tout d\u00e9faut pouvant survenir ; (c) l&rsquo;absence de virus et \/ ou d&rsquo;autres composants nuisibles sur www.engranajesjuaristi.com ; (d) le caract\u00e8re inexpugnable des mesures de s\u00e9curit\u00e9 qui ont \u00e9t\u00e9 adopt\u00e9es ; (e) les dommages caus\u00e9s par toute personne violant les syst\u00e8mes de s\u00e9curit\u00e9 de www.engranajesjuaristi.com.<\/p>\r\n\r\n\r\n\r\n<p>4.2. EJSL ne peut garantir l&rsquo;exactitude, la disponibilit\u00e9, l&rsquo;utilit\u00e9 ou la v\u00e9racit\u00e9 de tous les contenus inclus dans www.engranajesjuaristi.com, par cons\u00e9quent, EJSL exclut toute responsabilit\u00e9 directe ou indirecte quant aux dommages de toute nature, d\u00e9coulant d&rsquo;une d\u00e9ception en mati\u00e8re d&rsquo;utilit\u00e9 ou attente de la part de l&rsquo;Utilisateur.<\/p>\r\n\r\n\r\n\r\n<p>4.3.\u00a0\u00a0\u00a0L&rsquo;Utilisateur sera seul responsable face \u00e0 des tiers, de toute communication envoy\u00e9e personnellement ou en son nom \u00e0 www.engranajesjuaristi.com, tout comme de l&rsquo;usage ill\u00e9gitime des contenus et services contenus sur ce site.<\/p>\r\n\r\n\r\n\r\n<p>4.4.\u00a0\u00a0 EJSL se r\u00e9serve le droit de suspendre temporairement et sans pr\u00e9avis l&rsquo;acc\u00e8s \u00e0 www.engranajesjuaristi.com pour des raisons de maintenance, r\u00e9paration, mise \u00e0 jour ou am\u00e9lioration du site. Dans la mesure de ses possibilit\u00e9s, EJSL publiera sur son site Web, avec une anticipation appropri\u00e9e, un avis indiquant la date pr\u00e9vue de suspension de ses services.<\/p>\r\n\r\n\r\n\r\n<p>4.5.\u00a0\u00a0 Les liens \u00e9ventuels vers d&rsquo;autres sites Web \u00e0 partir de www.engranajesjuaristi.com peuvent mener \u00e0 des sites Web pour lesquels EJSL n&rsquo;assume aucune responsabilit\u00e9 puisqu&rsquo;elle ne les contr\u00f4le en aucune fa\u00e7on et les propose dans le seul but d&rsquo;informer l&rsquo;Utilisateur sur d&rsquo;autres sources d&rsquo;informations, par cons\u00e9quent l&rsquo;Utilisateur acc\u00e8de sous sa responsabilit\u00e9 exclusive \u00e0 leurs contenus et sous les conditions d&rsquo;utilisation r\u00e9gies par ces sites.<\/p>\r\n\r\n\r\n\r\n<p>4.6.\u00a0\u00a0 EJSL n&rsquo;est pas responsable de l&rsquo;usage que les Utilisateurs font des contenus et services inclus sur son site Web. Par cons\u00e9quent elle ne garantit pas que l&rsquo;usage que les utilisateurs peuvent faire des contenus et services mentionn\u00e9s soient conformes aux pr\u00e9sentes conditions g\u00e9n\u00e9rales d&rsquo;utilisation, ni qu&rsquo;ils le fassent de mani\u00e8re appropri\u00e9e.<\/p>\r\n\r\n\r\n\r\n<p><em><strong>5.\u00a0\u00a0 Politique de confidentialit\u00e9.<\/strong><\/em><\/p>\r\n\r\n\r\n\r\n<p>Conform\u00e9ment \u00e0 la loi organique 15\/1999 du 13 d\u00e9cembre sur la protection des donn\u00e9es personnelles (LOPD), nous vous informons que les donn\u00e9es personnelles que vous nous fournissez via le site www.engranajesjuaristi.com, seront trait\u00e9es de mani\u00e8re confidentielle et feront partie d&rsquo;un fichier automatis\u00e9 appartenant \u00e0 ENGRANAJES JUARISTI, S.L. dont l&rsquo;adresse est POLIGONO ABENDA\u00d1O &#8211; ERROTAZAR KALEA, N\u00ba1 20800 Zarautz GUIPUZKOA, et qui a \u00e9t\u00e9 d\u00fbment enregistr\u00e9 aupr\u00e8s de l&rsquo;Agence espagnole sur la protection des donn\u00e9es (www.agpd.es).<\/p>\r\n\r\n\r\n\r\n<p>Vos donn\u00e9es personnelles seront utilis\u00e9es dans le but de r\u00e9pondre \u00e0 votre demande ou de vous fournir le service demand\u00e9. Vos donn\u00e9es de contact pourront \u00eatre conserv\u00e9es ind\u00e9finiment pour l&rsquo;envoi (par voie ordinaire ou \u00e9lectronique) d&rsquo;informations relatives \u00e0 nos activit\u00e9s susceptibles de vous int\u00e9resser, sans pr\u00e9judice de votre droit de r\u00e9tractation, que vous pouvez exercer \u00e0 tout moment. Si vous ne souhaitez pas recevoir ces informations, vous pouvez l&rsquo;indiquer \u00e0 l&rsquo;adresse de courrier \u00e9lectronique : info@engranajesjuaristi.com et nous proc\u00e8derons \u00e0 la suppression imm\u00e9diate de vos donn\u00e9es.<\/p>\r\n\r\n\r\n\r\n<p>Nous vous informons \u00e9galement que vous pouvez exercer vos droits d&rsquo;acc\u00e8s, de rectification, de suppression et d&rsquo;opposition conform\u00e9ment aux dispositions de la LOPD, en adressant une lettre recommand\u00e9e ou un formulaire \u00e9quivalent permettant d&rsquo;en justifier sa r\u00e9ception, accompagn\u00e9e d&rsquo;une photocopie de votre documentd&rsquo;identit\u00e9, \u00e0 l&rsquo;adresse suivante : POLIGONO ABENDA\u00d1O &#8211; ERROTAZAR KALEA, N\u00ba1 20800 Zarautz GUIPUZKOA. Le fait de ne pas remplir les champs, indiqu\u00e9s comme obligatoires, qui apparaissent dans tout formulaire d&rsquo;inscription \u00e9lectronique, peut entra\u00eener l&rsquo;impossibilit\u00e9 pour EJSL de r\u00e9pondre \u00e0 votre demande.<\/p>\r\n\r\n\r\n\r\n<p>EJSL ne vend, c\u00e8de, loue ou transmet de quelque mani\u00e8re que ce soit les informations ou donn\u00e9es personnelles de ses Clients\/Utilisateurs \u00e0 des tiers.<\/p>\r\n\r\n\r\n\r\n<p><strong>L&rsquo;UTILISATEUR DEVRA S&rsquo;ABSTENIR DE SAISIR DES DONN\u00c9ES CONCERNANT SA SANT\u00c9 ET AUTRES INFORMATIONS SP\u00c9CIFIQUEMENT PROT\u00c9G\u00c9ES (ID\u00c9OLOGIE, RELIGION, CROYANCES, AFFILIATION SYNDICALE, ORIGINE RACIALE, VIOLENCE DE GENRE ET ORIENTATION SEXUELLE), OU INCLUANT DES DONN\u00c9ES PERSONNELLES CONCERNANT DE TIERCES PERSONNES DANS LES FORMULAIRES DE CONTACT PROPOS\u00c9S SUR LE SITE WEB, DANS LA MESURE O\u00d9 INTERNET N&rsquo;EST PAS UN MOYEN S\u00c9CURIS\u00c9 POUR FOURNIR CE TYPE DE DONN\u00c9ES SANS LA PROTECTION DE CONNEXIONS S\u00c9CURIS\u00c9ES OU CRYPT\u00c9ES. NOTRE SITE WEB NE GARANTIT PAS LE CHIFFREMENT DES COMMUNICATIONS.<\/strong><\/p>\r\n\r\n\r\n\r\n<p>L&rsquo;Utilisateur garantit que les donn\u00e9es personnelles fournies \u00e0 EJSL sont v\u00e9ridiques et est responsable de communiquer toute modification les concernant. L&rsquo;Utilisateur sera seul responsable de tout dommage ou pr\u00e9judice, direct ou indirect, qui pourrait \u00eatre caus\u00e9 \u00e0 EJSL ou \u00e0 tout tiers du fait de remplir les formulaires avec des informations fausses, inexactes, incompl\u00e8tes ou p\u00e9rim\u00e9es. L&rsquo;utilisateur ne doit pas inclure de donn\u00e9es personnelles de tiers sans leur consentement pr\u00e9alable et \u00e9clair\u00e9 de ce qui est \u00e9tabli dans cette politique de confidentialit\u00e9, et sera le seul responsable de cette introduction.<\/p>\r\n\r\n\r\n\r\n<p>Il est conseill\u00e9 aux enfants et aux jeunes de moins de 18 ans d&rsquo;avoir l&rsquo;autorisation de leurs parents ou tuteurs pour fournir des donn\u00e9es personnelles sur le site Web d&rsquo;EJSL.<\/p>\r\n\r\n\r\n\r\n<p>EJSL a mis en place les mesures n\u00e9cessaires pour \u00e9viter l&rsquo;alt\u00e9ration, la perte, le traitement ou l&rsquo;acc\u00e8s non autoris\u00e9 aux donn\u00e9es personnelles, en tenant compte \u00e0 tout moment de l&rsquo;\u00e9tat de la technologie, de la nature des donn\u00e9es stock\u00e9es et des risques auxquels elles sont expos\u00e9es, qu&rsquo;elles proviennent de l&rsquo;action humaine ou de l&rsquo;environnement physique ou naturel, cependant, l&rsquo;Utilisateur doit \u00eatre conscient que les mesures de s\u00e9curit\u00e9 sur Internet ne sont pas inviolables.<\/p>\r\n\r\n\r\n\r\n<p><em><strong>6.\u00a0\u00a0 Dur\u00e9e et modification.<\/strong><\/em><\/p>\r\n\r\n\r\n\r\n<p>6.1.\u00a0\u00a0\u00a0\u00a0\u00a0EJSL se r\u00e9serve le droit de modifier, totalement ou partiellement, ces conditions d&rsquo;acc\u00e8s en publiant les changements sur www.engranajesjuaristi.com. Elle pourra de m\u00eame effectuer sans pr\u00e9avis les modifications qu&rsquo;elle jugera opportunes sur son site web, et pourra changer, supprimer ou ajouter tant des contenus que des services fournis, comme la forme sous laquelle ils apparaissent, sont pr\u00e9sent\u00e9s ou localis\u00e9s. Par cons\u00e9quent, seront consid\u00e9r\u00e9es comme en vigueur les conditions qui sont publi\u00e9es au moment o\u00f9 l&rsquo;Utilisateur acc\u00e8de \u00e0 www.engranajesjuaristi.com, ce pourquoi l&rsquo;Utilisateur doit lire r\u00e9guli\u00e8rement ces conditions g\u00e9n\u00e9rales.<\/p>\r\n\r\n\r\n\r\n<p>6.2.\u00a0\u00a0\u00a0 Ind\u00e9pendamment des dispositions des conditions particuli\u00e8res, l&rsquo;Utilisateur d\u00e9clare avoir connaissance et accepter express\u00e9ment qu&rsquo;EJSL, pour des raisons \u00e9conomiques, d&rsquo;opportunit\u00e9 ou commerciales, puisse unilat\u00e9ralement et sans avoir besoin d&rsquo;une quelconque justification, suspendre, interrompre ou fermer www.engranajesjuaristi.com, temporairement ou de fa\u00e7on permanente, \u00e0 tout moment, sans n\u00e9cessit\u00e9 de pr\u00e9avis pr\u00e9alable, et sans que l&rsquo;Utilisateur puisse exiger une quelconque indemnit\u00e9.<\/p>\r\n\r\n\r\n\r\n<p><em><strong>7.\u00a0\u00a0 L\u00e9gislation applicable et comp\u00e9tence juridictionnelle.<\/strong><\/em><\/p>\r\n\r\n\r\n\r\n<p>Les relations \u00e9tablies entre EJSL et l&rsquo;Utilisateur seront r\u00e9gies par ce qui est \u00e9tabli par la r\u00e9glementation en vigueur concernant la l\u00e9gislation applicable et la juridiction comp\u00e9tente. Cependant, pour les cas o\u00f9 la r\u00e9glementation pr\u00e9voit la possibilit\u00e9 pour les parties de se soumettre \u00e0 un tribunal, EJSL et l&rsquo;Utilisateur renoncent express\u00e9ment \u00e0 tout tribunal pouvant leur correspondre et d\u00e9clarent se soumettre aux Tribunaux comp\u00e9tents de la ville de Bilbao.<\/p>\r\n","protected":false},"excerpt":{"rendered":"<p>MENTIONS L\u00c9GALES &nbsp; 1.\u00a0\u00a0\u00a0 Identit\u00e9 du titulaire du pr\u00e9sent site web. Conform\u00e9ment \u00e0 la Loi 34\/2002 du 11 juillet, sur les Services de la Soci\u00e9t\u00e9 de l&rsquo;Information et du Commerce \u00c9lectronique, nous vous informons que le titulaire du site www.engranajesjuaristi.com est : Raison sociale : ENGRANAJES JUARISTI, S.L. Code d&rsquo;identification fiscale : B20055802 Adresse : [&#8230;]\n","protected":false},"author":5,"featured_media":0,"parent":0,"menu_order":0,"comment_status":"closed","ping_status":"closed","template":"","meta":{"footnotes":""},"class_list":["post-4575","page","type-page","status-publish","hentry"],"yoast_head":"<!-- This site is optimized with the Yoast SEO plugin v27.5 - https:\/\/yoast.com\/product\/yoast-seo-wordpress\/ -->\n<title>Mentions L\u00e9gales - Engranajes Juaristi<\/title>\n<meta name=\"robots\" content=\"index, follow, max-snippet:-1, max-image-preview:large, max-video-preview:-1\" \/>\n<link rel=\"canonical\" href=\"https:\/\/engranajesjuaristi.com\/fr\/mentions-legales\/\" \/>\n<meta property=\"og:locale\" content=\"fr_FR\" \/>\n<meta property=\"og:type\" content=\"article\" \/>\n<meta property=\"og:title\" content=\"Mentions L\u00e9gales - Engranajes Juaristi\" \/>\n<meta property=\"og:description\" content=\"MENTIONS L\u00c9GALES &nbsp; 1.\u00a0\u00a0\u00a0 Identit\u00e9 du titulaire du pr\u00e9sent site web. Conform\u00e9ment \u00e0 la Loi 34\/2002 du 11 juillet, sur les Services de la Soci\u00e9t\u00e9 de l&rsquo;Information et du Commerce \u00c9lectronique, nous vous informons que le titulaire du site www.engranajesjuaristi.com est : Raison sociale : ENGRANAJES JUARISTI, S.L. Code d&rsquo;identification fiscale : B20055802 Adresse : [...]\" \/>\n<meta property=\"og:url\" content=\"https:\/\/engranajesjuaristi.com\/fr\/mentions-legales\/\" \/>\n<meta property=\"og:site_name\" content=\"Engranajes Juaristi\" \/>\n<meta property=\"article:modified_time\" content=\"2024-12-19T14:14:15+00:00\" \/>\n<meta property=\"og:image\" content=\"https:\/\/engranajesjuaristi.com\/wp-content\/uploads\/2021\/05\/juaristi_logo_web3.png\" \/>\n\t<meta property=\"og:image:width\" content=\"810\" \/>\n\t<meta property=\"og:image:height\" content=\"182\" \/>\n\t<meta property=\"og:image:type\" content=\"image\/png\" \/>\n<meta name=\"twitter:card\" content=\"summary_large_image\" \/>\n<meta name=\"twitter:label1\" content=\"Dur\u00e9e de lecture estim\u00e9e\" \/>\n\t<meta name=\"twitter:data1\" content=\"9 minutes\" \/>\n<script type=\"application\/ld+json\" class=\"yoast-schema-graph\">{\"@context\":\"https:\\\/\\\/schema.org\",\"@graph\":[{\"@type\":\"WebPage\",\"@id\":\"https:\\\/\\\/engranajesjuaristi.com\\\/fr\\\/mentions-legales\\\/\",\"url\":\"https:\\\/\\\/engranajesjuaristi.com\\\/fr\\\/mentions-legales\\\/\",\"name\":\"Mentions L\u00e9gales - Engranajes Juaristi\",\"isPartOf\":{\"@id\":\"https:\\\/\\\/engranajesjuaristi.com\\\/fr\\\/#website\"},\"datePublished\":\"2018-11-22T09:10:26+00:00\",\"dateModified\":\"2024-12-19T14:14:15+00:00\",\"breadcrumb\":{\"@id\":\"https:\\\/\\\/engranajesjuaristi.com\\\/fr\\\/mentions-legales\\\/#breadcrumb\"},\"inLanguage\":\"fr-FR\",\"potentialAction\":[{\"@type\":\"ReadAction\",\"target\":[\"https:\\\/\\\/engranajesjuaristi.com\\\/fr\\\/mentions-legales\\\/\"]}]},{\"@type\":\"BreadcrumbList\",\"@id\":\"https:\\\/\\\/engranajesjuaristi.com\\\/fr\\\/mentions-legales\\\/#breadcrumb\",\"itemListElement\":[{\"@type\":\"ListItem\",\"position\":1,\"name\":\"Portada\",\"item\":\"https:\\\/\\\/engranajesjuaristi.com\\\/fr\\\/\"},{\"@type\":\"ListItem\",\"position\":2,\"name\":\"Mentions L\u00e9gales\"}]},{\"@type\":\"WebSite\",\"@id\":\"https:\\\/\\\/engranajesjuaristi.com\\\/fr\\\/#website\",\"url\":\"https:\\\/\\\/engranajesjuaristi.com\\\/fr\\\/\",\"name\":\"Engranajes Juaristi\",\"description\":\"Fabricaci\u00f3n de Engranajes, Cremalleras, Grupos sinfin-corona, Pi\u00f1ones\",\"publisher\":{\"@id\":\"https:\\\/\\\/engranajesjuaristi.com\\\/fr\\\/#organization\"},\"potentialAction\":[{\"@type\":\"SearchAction\",\"target\":{\"@type\":\"EntryPoint\",\"urlTemplate\":\"https:\\\/\\\/engranajesjuaristi.com\\\/fr\\\/?s={search_term_string}\"},\"query-input\":{\"@type\":\"PropertyValueSpecification\",\"valueRequired\":true,\"valueName\":\"search_term_string\"}}],\"inLanguage\":\"fr-FR\"},{\"@type\":\"Organization\",\"@id\":\"https:\\\/\\\/engranajesjuaristi.com\\\/fr\\\/#organization\",\"name\":\"Engranajes Juaristi\",\"url\":\"https:\\\/\\\/engranajesjuaristi.com\\\/fr\\\/\",\"logo\":{\"@type\":\"ImageObject\",\"inLanguage\":\"fr-FR\",\"@id\":\"https:\\\/\\\/engranajesjuaristi.com\\\/fr\\\/#\\\/schema\\\/logo\\\/image\\\/\",\"url\":\"https:\\\/\\\/engranajesjuaristi.com\\\/wp-content\\\/uploads\\\/2021\\\/05\\\/juaristi_logo_web3.png\",\"contentUrl\":\"https:\\\/\\\/engranajesjuaristi.com\\\/wp-content\\\/uploads\\\/2021\\\/05\\\/juaristi_logo_web3.png\",\"width\":810,\"height\":182,\"caption\":\"Engranajes Juaristi\"},\"image\":{\"@id\":\"https:\\\/\\\/engranajesjuaristi.com\\\/fr\\\/#\\\/schema\\\/logo\\\/image\\\/\"},\"sameAs\":[\"https:\\\/\\\/www.linkedin.com\\\/company\\\/engranajesjuaristi\\\/\"]}]}<\/script>\n<!-- \/ Yoast SEO plugin. -->","yoast_head_json":{"title":"Mentions L\u00e9gales - Engranajes Juaristi","robots":{"index":"index","follow":"follow","max-snippet":"max-snippet:-1","max-image-preview":"max-image-preview:large","max-video-preview":"max-video-preview:-1"},"canonical":"https:\/\/engranajesjuaristi.com\/fr\/mentions-legales\/","og_locale":"fr_FR","og_type":"article","og_title":"Mentions L\u00e9gales - Engranajes Juaristi","og_description":"MENTIONS L\u00c9GALES &nbsp; 1.\u00a0\u00a0\u00a0 Identit\u00e9 du titulaire du pr\u00e9sent site web. Conform\u00e9ment \u00e0 la Loi 34\/2002 du 11 juillet, sur les Services de la Soci\u00e9t\u00e9 de l&rsquo;Information et du Commerce \u00c9lectronique, nous vous informons que le titulaire du site www.engranajesjuaristi.com est : Raison sociale : ENGRANAJES JUARISTI, S.L. Code d&rsquo;identification fiscale : B20055802 Adresse : [...]","og_url":"https:\/\/engranajesjuaristi.com\/fr\/mentions-legales\/","og_site_name":"Engranajes Juaristi","article_modified_time":"2024-12-19T14:14:15+00:00","og_image":[{"width":810,"height":182,"url":"https:\/\/engranajesjuaristi.com\/wp-content\/uploads\/2021\/05\/juaristi_logo_web3.png","type":"image\/png"}],"twitter_card":"summary_large_image","twitter_misc":{"Dur\u00e9e de lecture estim\u00e9e":"9 minutes"},"schema":{"@context":"https:\/\/schema.org","@graph":[{"@type":"WebPage","@id":"https:\/\/engranajesjuaristi.com\/fr\/mentions-legales\/","url":"https:\/\/engranajesjuaristi.com\/fr\/mentions-legales\/","name":"Mentions L\u00e9gales - Engranajes Juaristi","isPartOf":{"@id":"https:\/\/engranajesjuaristi.com\/fr\/#website"},"datePublished":"2018-11-22T09:10:26+00:00","dateModified":"2024-12-19T14:14:15+00:00","breadcrumb":{"@id":"https:\/\/engranajesjuaristi.com\/fr\/mentions-legales\/#breadcrumb"},"inLanguage":"fr-FR","potentialAction":[{"@type":"ReadAction","target":["https:\/\/engranajesjuaristi.com\/fr\/mentions-legales\/"]}]},{"@type":"BreadcrumbList","@id":"https:\/\/engranajesjuaristi.com\/fr\/mentions-legales\/#breadcrumb","itemListElement":[{"@type":"ListItem","position":1,"name":"Portada","item":"https:\/\/engranajesjuaristi.com\/fr\/"},{"@type":"ListItem","position":2,"name":"Mentions L\u00e9gales"}]},{"@type":"WebSite","@id":"https:\/\/engranajesjuaristi.com\/fr\/#website","url":"https:\/\/engranajesjuaristi.com\/fr\/","name":"Engranajes Juaristi","description":"Fabricaci\u00f3n de Engranajes, Cremalleras, Grupos sinfin-corona, Pi\u00f1ones","publisher":{"@id":"https:\/\/engranajesjuaristi.com\/fr\/#organization"},"potentialAction":[{"@type":"SearchAction","target":{"@type":"EntryPoint","urlTemplate":"https:\/\/engranajesjuaristi.com\/fr\/?s={search_term_string}"},"query-input":{"@type":"PropertyValueSpecification","valueRequired":true,"valueName":"search_term_string"}}],"inLanguage":"fr-FR"},{"@type":"Organization","@id":"https:\/\/engranajesjuaristi.com\/fr\/#organization","name":"Engranajes Juaristi","url":"https:\/\/engranajesjuaristi.com\/fr\/","logo":{"@type":"ImageObject","inLanguage":"fr-FR","@id":"https:\/\/engranajesjuaristi.com\/fr\/#\/schema\/logo\/image\/","url":"https:\/\/engranajesjuaristi.com\/wp-content\/uploads\/2021\/05\/juaristi_logo_web3.png","contentUrl":"https:\/\/engranajesjuaristi.com\/wp-content\/uploads\/2021\/05\/juaristi_logo_web3.png","width":810,"height":182,"caption":"Engranajes Juaristi"},"image":{"@id":"https:\/\/engranajesjuaristi.com\/fr\/#\/schema\/logo\/image\/"},"sameAs":["https:\/\/www.linkedin.com\/company\/engranajesjuaristi\/"]}]}},"_links":{"self":[{"href":"https:\/\/engranajesjuaristi.com\/fr\/wp-json\/wp\/v2\/pages\/4575","targetHints":{"allow":["GET"]}}],"collection":[{"href":"https:\/\/engranajesjuaristi.com\/fr\/wp-json\/wp\/v2\/pages"}],"about":[{"href":"https:\/\/engranajesjuaristi.com\/fr\/wp-json\/wp\/v2\/types\/page"}],"author":[{"embeddable":true,"href":"https:\/\/engranajesjuaristi.com\/fr\/wp-json\/wp\/v2\/users\/5"}],"replies":[{"embeddable":true,"href":"https:\/\/engranajesjuaristi.com\/fr\/wp-json\/wp\/v2\/comments?post=4575"}],"version-history":[{"count":2,"href":"https:\/\/engranajesjuaristi.com\/fr\/wp-json\/wp\/v2\/pages\/4575\/revisions"}],"predecessor-version":[{"id":6434,"href":"https:\/\/engranajesjuaristi.com\/fr\/wp-json\/wp\/v2\/pages\/4575\/revisions\/6434"}],"wp:attachment":[{"href":"https:\/\/engranajesjuaristi.com\/fr\/wp-json\/wp\/v2\/media?parent=4575"}],"curies":[{"name":"wp","href":"https:\/\/api.w.org\/{rel}","templated":true}]}}