{"id":4616,"date":"2018-12-13T09:59:24","date_gmt":"2018-12-13T08:59:24","guid":{"rendered":"https:\/\/otzarretaclientes.com\/engranajesjuaristi\/politica-de-privacidad\/"},"modified":"2024-12-19T11:38:27","modified_gmt":"2024-12-19T09:38:27","slug":"politica-de-privacidad","status":"publish","type":"page","link":"https:\/\/engranajesjuaristi.com\/en\/politica-de-privacidad\/","title":{"rendered":"Pol\u00edtica de privacidad"},"content":{"rendered":"\r\n<h1 class=\"wp-block-heading\">POL\u00cdTICA DE PRIVACIDAD<\/h1>\r\n\r\n\r\n\r\n<p><strong><em>1.\u00a0Recogida y finalidad del tratamiento de datos personales<\/em><\/strong><\/p>\r\n\r\n\r\n\r\n<p>En cumplimiento de\u00a0la Ley Org\u00e1nica\u00a015\/1999, de 13 de diciembre, de Protecci\u00f3n de Datos de Car\u00e1cter Personal (LOPD), le informamos que los datos personales que nos suministre a trav\u00e9s de la p\u00e1gina web\u00a0www.engranajesjuaristi.com, ser\u00e1n tratados de forma confidencial y pasar\u00e1n a formar parte de un fichero automatizado titularidad de\u00a0ENGRANAJES JUARISTI, S.L., con direcci\u00f3n en\u00a0POLIGONO ABENDA\u00d1O &#8211; ERROTAZAR KALEA, N\u00ba1 20800 Zarautz GUIPUZKOA, y que ha sido debidamente inscrito en\u00a0la Agencia\u00a0Espa\u00f1ola\u00a0de Protecci\u00f3n de Datos (www.agpd.es).<br \/><br \/>Sus datos personales ser\u00e1n utilizados con la finalidad indicada en el formulario web de toma de datos y, con car\u00e1cter general, para atender su solicitud, prestarle el servicio o suministrarle el producto solicitado, as\u00ed como para realizar estad\u00edsticas de satisfacci\u00f3n y conocer sus gustos, preferencias o sugerencias para la mejora continua de nuestros servicios. Sus datos de contacto ser\u00e1n conservados indefinidamente para el env\u00edo (por canales ordinarios o electr\u00f3nicos) de informaci\u00f3n relacionada con nuestra actividad que pueda resultar de su inter\u00e9s, sin perjuicio de su derecho de cancelaci\u00f3n que podr\u00e1 ejercitar siempre que lo estime oportuno. Si no desea recibir esta informaci\u00f3n puede indicarlo en la direcci\u00f3n de correo <a href=\"mailto:info@engranajesjuaristi.com\">info@engranajesjuaristi.com<\/a>\u00a0y procederemos a la cancelaci\u00f3n inmediata de sus datos.<\/p>\r\n\r\n\r\n\r\n<p>La no cumplimentaci\u00f3n de los campos indicados como obligatorios, que aparecen en cualquier formulario de registro electr\u00f3nico, podr\u00e1 tener como consecuencia que\u00a0EJSL\u00a0no pueda atender a su solicitud.<\/p>\r\n\r\n\r\n\r\n<p>\u00a0EJSL\u00a0no vende, cede, arrienda ni transmite de ning\u00fan modo, informaci\u00f3n o datos de car\u00e1cter personal de sus Clientes\/Usuarios a terceros.<\/p>\r\n\r\n\r\n\r\n<p><strong><em>2.\u00a0Sus derechos<\/em><\/strong><\/p>\r\n\r\n\r\n\r\n<p>Le informamos que puede ejercitar sus derechos de acceso, rectificaci\u00f3n, cancelaci\u00f3n y oposici\u00f3n con arreglo a lo previsto en\u00a0la LOPD,\u00a0enviando una carta certificada o forma equivalente que permita acreditar su recepci\u00f3n, junto con la fotocopia de su D.N.I., a la siguiente direcci\u00f3n:\u00a0POLIGONO ABENDA\u00d1O &#8211; ERROTAZAR KALEA, N\u00ba1 20800 Zarautz GUIPUZKOA.<\/p>\r\n\r\n\r\n\r\n<p><strong><em>3.\u00a0Cookies<\/em><\/strong><\/p>\r\n\r\n\r\n\r\n<p>Le informamos de que\u00a0EJSL\u00a0tiene instaladas\u00a0<em>cookies<\/em>\u00a0en sus sistemas, con la \u00fanica finalidad de mejorar y personalizar el servicio ofrecido as\u00ed como facilitar la navegaci\u00f3n, las cookies se asocian \u00fanicamente a un usuario an\u00f3nimo y un ordenador, no permitiendo el acceso a datos de car\u00e1cter personal. Las\u00a0<em>cookies<\/em>\u00a0son peque\u00f1os archivos de texto que almacena el navegador en el disco duro de su ordenador. Cuando navega a trav\u00e9s de nuestra p\u00e1gina web, nuestro servidor podr\u00e1 reconocer la\u00a0<em>cookies<\/em>\u00a0y proporcionarnos informaci\u00f3n sobre el idioma seleccionado en su \u00faltima visita. La mayor\u00eda de los navegadores aceptan la utilizaci\u00f3n de\u00a0<em>cookies<\/em>\u00a0de forma autom\u00e1tica, pero puede configurar su navegador para ser avisado en su pantalla de ordenador de la recepci\u00f3n de\u00a0<em>cookies<\/em>\u00a0y poder impedir su instalaci\u00f3n en su disco duro.<strong><em><br \/><\/em><\/strong><\/p>\r\n\r\n\r\n\r\n<p><strong><em>4.\u00a0Calidad de los datos<\/em><\/strong><\/p>\r\n\r\n\r\n\r\n<p>El Usuario garantiza que los Datos Personales facilitados a\u00a0EJSL\u00a0son veraces y se hace responsable de comunicar cualquier modificaci\u00f3n en los mismos. El Usuario ser\u00e1 el \u00fanico responsable de cualquier da\u00f1o o perjuicio, directo o indirecto, que pudiera ocasionar a\u00a0EJSL\u00a0\u00a0o a cualquier tercero a causa de la cumplimentaci\u00f3n de los formularios con datos falsos, inexactos, incompletos o no actualizados. El Usuario no deber\u00e1 incluir datos personales de terceros sin su consentimiento informado previo de lo establecido en la presente pol\u00edtica de privacidad, siendo el \u00fanico responsable de su introducci\u00f3n.<\/p>\r\n\r\n\r\n\r\n<p><strong><em>5.\u00a0Medidas de seguridad<\/em><\/strong><br \/>EJSL\u00a0ha adoptado las medidas necesarias para evitar la alteraci\u00f3n, p\u00e9rdida, tratamiento o acceso no autorizado de los datos personales, habida cuenta en todo momento del estado de la tecnolog\u00eda,\u00a0la naturaleza de los datos almacenados y los riesgos a que est\u00e1n expuestos, ya provengan de la acci\u00f3n humana o del medio f\u00edsico o natural,\u00a0no obstante, el Usuario debe ser consciente de que las medidas de seguridad en Internet no son inexpugnables.<\/p>\r\n\r\n\r\n\r\n<p><strong><em>6.\u00a0Condiciones particulares<\/em><\/strong><\/p>\r\n\r\n\r\n\r\n<p>Ciertos servicios prestados por\u00a0EJSL, pueden contener condiciones particulares con previsiones espec\u00edficas en materia de protecci\u00f3n de datos personales, siendo por tanto de aplicaci\u00f3n las condiciones particulares de cada caso. En todo lo no regulado por las condiciones particulares ser\u00e1 de aplicaci\u00f3n supletoria las condiciones generales recogidas en la presente pol\u00edtica de privacidad.<\/p>\r\n\r\n\r\n\r\n<p><strong><em>7.\u00a0Menores de edad<\/em><\/strong><\/p>\r\n\r\n\r\n\r\n<p>\u00a0Se advierte a los ni\u00f1os y j\u00f3venes menores de 14 a\u00f1os que necesit\u00e1is el permiso de vuestros padres o tutores para proporcionar datos personales en el sitio web de\u00a0EJSL.<\/p>\r\n\r\n\r\n\r\n<p>&nbsp;<\/p>\r\n","protected":false},"excerpt":{"rendered":"<p>POL\u00cdTICA DE PRIVACIDAD 1.\u00a0Recogida y finalidad del tratamiento de datos personales En cumplimiento de\u00a0la Ley Org\u00e1nica\u00a015\/1999, de 13 de diciembre, de Protecci\u00f3n de Datos de Car\u00e1cter Personal (LOPD), le informamos que los datos personales que nos suministre a trav\u00e9s de la p\u00e1gina web\u00a0www.engranajesjuaristi.com, ser\u00e1n tratados de forma confidencial y pasar\u00e1n a formar parte de un [&#8230;]\n","protected":false},"author":5,"featured_media":0,"parent":0,"menu_order":0,"comment_status":"closed","ping_status":"closed","template":"","meta":{"footnotes":""},"class_list":["post-4616","page","type-page","status-publish","hentry"],"yoast_head":"<!-- This site is optimized with the Yoast SEO plugin v27.5 - https:\/\/yoast.com\/product\/yoast-seo-wordpress\/ -->\n<title>Pol\u00edtica de privacidad - Engranajes Juaristi<\/title>\n<meta name=\"robots\" content=\"index, follow, max-snippet:-1, max-image-preview:large, max-video-preview:-1\" \/>\n<link rel=\"canonical\" href=\"https:\/\/engranajesjuaristi.com\/en\/politica-de-privacidad\/\" \/>\n<meta property=\"og:locale\" content=\"en_US\" \/>\n<meta property=\"og:type\" content=\"article\" \/>\n<meta property=\"og:title\" content=\"Pol\u00edtica de privacidad - Engranajes Juaristi\" \/>\n<meta property=\"og:description\" content=\"POL\u00cdTICA DE PRIVACIDAD 1.\u00a0Recogida y finalidad del tratamiento de datos personales En cumplimiento de\u00a0la Ley Org\u00e1nica\u00a015\/1999, de 13 de diciembre, de Protecci\u00f3n de Datos de Car\u00e1cter Personal (LOPD), le informamos que los datos personales que nos suministre a trav\u00e9s de la p\u00e1gina web\u00a0www.engranajesjuaristi.com, ser\u00e1n tratados de forma confidencial y pasar\u00e1n a formar parte de un [...]\" \/>\n<meta property=\"og:url\" content=\"https:\/\/engranajesjuaristi.com\/en\/politica-de-privacidad\/\" \/>\n<meta property=\"og:site_name\" content=\"Engranajes Juaristi\" \/>\n<meta property=\"article:modified_time\" content=\"2024-12-19T09:38:27+00:00\" \/>\n<meta property=\"og:image\" content=\"https:\/\/engranajesjuaristi.com\/wp-content\/uploads\/2021\/05\/juaristi_logo_web3.png\" \/>\n\t<meta property=\"og:image:width\" content=\"810\" \/>\n\t<meta property=\"og:image:height\" content=\"182\" \/>\n\t<meta property=\"og:image:type\" content=\"image\/png\" \/>\n<meta name=\"twitter:card\" content=\"summary_large_image\" \/>\n<meta name=\"twitter:label1\" content=\"Est. reading time\" \/>\n\t<meta name=\"twitter:data1\" content=\"3 minutes\" \/>\n<script type=\"application\/ld+json\" class=\"yoast-schema-graph\">{\"@context\":\"https:\\\/\\\/schema.org\",\"@graph\":[{\"@type\":\"WebPage\",\"@id\":\"https:\\\/\\\/engranajesjuaristi.com\\\/en\\\/politica-de-privacidad\\\/\",\"url\":\"https:\\\/\\\/engranajesjuaristi.com\\\/en\\\/politica-de-privacidad\\\/\",\"name\":\"Pol\u00edtica de privacidad - Engranajes Juaristi\",\"isPartOf\":{\"@id\":\"https:\\\/\\\/engranajesjuaristi.com\\\/en\\\/#website\"},\"datePublished\":\"2018-12-13T08:59:24+00:00\",\"dateModified\":\"2024-12-19T09:38:27+00:00\",\"breadcrumb\":{\"@id\":\"https:\\\/\\\/engranajesjuaristi.com\\\/en\\\/politica-de-privacidad\\\/#breadcrumb\"},\"inLanguage\":\"en-US\",\"potentialAction\":[{\"@type\":\"ReadAction\",\"target\":[\"https:\\\/\\\/engranajesjuaristi.com\\\/en\\\/politica-de-privacidad\\\/\"]}]},{\"@type\":\"BreadcrumbList\",\"@id\":\"https:\\\/\\\/engranajesjuaristi.com\\\/en\\\/politica-de-privacidad\\\/#breadcrumb\",\"itemListElement\":[{\"@type\":\"ListItem\",\"position\":1,\"name\":\"Portada\",\"item\":\"https:\\\/\\\/engranajesjuaristi.com\\\/en\\\/\"},{\"@type\":\"ListItem\",\"position\":2,\"name\":\"Pol\u00edtica de privacidad\"}]},{\"@type\":\"WebSite\",\"@id\":\"https:\\\/\\\/engranajesjuaristi.com\\\/en\\\/#website\",\"url\":\"https:\\\/\\\/engranajesjuaristi.com\\\/en\\\/\",\"name\":\"Engranajes Juaristi\",\"description\":\"Engranajes, Cremalleras, Grupos sinfin-corona, Pi\u00f1ones, Poleas, Ejes, Brochados...\",\"publisher\":{\"@id\":\"https:\\\/\\\/engranajesjuaristi.com\\\/en\\\/#organization\"},\"potentialAction\":[{\"@type\":\"SearchAction\",\"target\":{\"@type\":\"EntryPoint\",\"urlTemplate\":\"https:\\\/\\\/engranajesjuaristi.com\\\/en\\\/?s={search_term_string}\"},\"query-input\":{\"@type\":\"PropertyValueSpecification\",\"valueRequired\":true,\"valueName\":\"search_term_string\"}}],\"inLanguage\":\"en-US\"},{\"@type\":\"Organization\",\"@id\":\"https:\\\/\\\/engranajesjuaristi.com\\\/en\\\/#organization\",\"name\":\"Engranajes Juaristi\",\"url\":\"https:\\\/\\\/engranajesjuaristi.com\\\/en\\\/\",\"logo\":{\"@type\":\"ImageObject\",\"inLanguage\":\"en-US\",\"@id\":\"https:\\\/\\\/engranajesjuaristi.com\\\/en\\\/#\\\/schema\\\/logo\\\/image\\\/\",\"url\":\"https:\\\/\\\/engranajesjuaristi.com\\\/wp-content\\\/uploads\\\/2021\\\/05\\\/juaristi_logo_web3.png\",\"contentUrl\":\"https:\\\/\\\/engranajesjuaristi.com\\\/wp-content\\\/uploads\\\/2021\\\/05\\\/juaristi_logo_web3.png\",\"width\":810,\"height\":182,\"caption\":\"Engranajes Juaristi\"},\"image\":{\"@id\":\"https:\\\/\\\/engranajesjuaristi.com\\\/en\\\/#\\\/schema\\\/logo\\\/image\\\/\"},\"sameAs\":[\"https:\\\/\\\/www.linkedin.com\\\/company\\\/engranajesjuaristi\\\/\"]}]}<\/script>\n<!-- \/ Yoast SEO plugin. -->","yoast_head_json":{"title":"Pol\u00edtica de privacidad - Engranajes Juaristi","robots":{"index":"index","follow":"follow","max-snippet":"max-snippet:-1","max-image-preview":"max-image-preview:large","max-video-preview":"max-video-preview:-1"},"canonical":"https:\/\/engranajesjuaristi.com\/en\/politica-de-privacidad\/","og_locale":"en_US","og_type":"article","og_title":"Pol\u00edtica de privacidad - Engranajes Juaristi","og_description":"POL\u00cdTICA DE PRIVACIDAD 1.\u00a0Recogida y finalidad del tratamiento de datos personales En cumplimiento de\u00a0la Ley Org\u00e1nica\u00a015\/1999, de 13 de diciembre, de Protecci\u00f3n de Datos de Car\u00e1cter Personal (LOPD), le informamos que los datos personales que nos suministre a trav\u00e9s de la p\u00e1gina web\u00a0www.engranajesjuaristi.com, ser\u00e1n tratados de forma confidencial y pasar\u00e1n a formar parte de un [...]","og_url":"https:\/\/engranajesjuaristi.com\/en\/politica-de-privacidad\/","og_site_name":"Engranajes Juaristi","article_modified_time":"2024-12-19T09:38:27+00:00","og_image":[{"width":810,"height":182,"url":"https:\/\/engranajesjuaristi.com\/wp-content\/uploads\/2021\/05\/juaristi_logo_web3.png","type":"image\/png"}],"twitter_card":"summary_large_image","twitter_misc":{"Est. reading time":"3 minutes"},"schema":{"@context":"https:\/\/schema.org","@graph":[{"@type":"WebPage","@id":"https:\/\/engranajesjuaristi.com\/en\/politica-de-privacidad\/","url":"https:\/\/engranajesjuaristi.com\/en\/politica-de-privacidad\/","name":"Pol\u00edtica de privacidad - Engranajes Juaristi","isPartOf":{"@id":"https:\/\/engranajesjuaristi.com\/en\/#website"},"datePublished":"2018-12-13T08:59:24+00:00","dateModified":"2024-12-19T09:38:27+00:00","breadcrumb":{"@id":"https:\/\/engranajesjuaristi.com\/en\/politica-de-privacidad\/#breadcrumb"},"inLanguage":"en-US","potentialAction":[{"@type":"ReadAction","target":["https:\/\/engranajesjuaristi.com\/en\/politica-de-privacidad\/"]}]},{"@type":"BreadcrumbList","@id":"https:\/\/engranajesjuaristi.com\/en\/politica-de-privacidad\/#breadcrumb","itemListElement":[{"@type":"ListItem","position":1,"name":"Portada","item":"https:\/\/engranajesjuaristi.com\/en\/"},{"@type":"ListItem","position":2,"name":"Pol\u00edtica de privacidad"}]},{"@type":"WebSite","@id":"https:\/\/engranajesjuaristi.com\/en\/#website","url":"https:\/\/engranajesjuaristi.com\/en\/","name":"Engranajes Juaristi","description":"Engranajes, Cremalleras, Grupos sinfin-corona, Pi\u00f1ones, Poleas, Ejes, Brochados...","publisher":{"@id":"https:\/\/engranajesjuaristi.com\/en\/#organization"},"potentialAction":[{"@type":"SearchAction","target":{"@type":"EntryPoint","urlTemplate":"https:\/\/engranajesjuaristi.com\/en\/?s={search_term_string}"},"query-input":{"@type":"PropertyValueSpecification","valueRequired":true,"valueName":"search_term_string"}}],"inLanguage":"en-US"},{"@type":"Organization","@id":"https:\/\/engranajesjuaristi.com\/en\/#organization","name":"Engranajes Juaristi","url":"https:\/\/engranajesjuaristi.com\/en\/","logo":{"@type":"ImageObject","inLanguage":"en-US","@id":"https:\/\/engranajesjuaristi.com\/en\/#\/schema\/logo\/image\/","url":"https:\/\/engranajesjuaristi.com\/wp-content\/uploads\/2021\/05\/juaristi_logo_web3.png","contentUrl":"https:\/\/engranajesjuaristi.com\/wp-content\/uploads\/2021\/05\/juaristi_logo_web3.png","width":810,"height":182,"caption":"Engranajes Juaristi"},"image":{"@id":"https:\/\/engranajesjuaristi.com\/en\/#\/schema\/logo\/image\/"},"sameAs":["https:\/\/www.linkedin.com\/company\/engranajesjuaristi\/"]}]}},"_links":{"self":[{"href":"https:\/\/engranajesjuaristi.com\/en\/wp-json\/wp\/v2\/pages\/4616","targetHints":{"allow":["GET"]}}],"collection":[{"href":"https:\/\/engranajesjuaristi.com\/en\/wp-json\/wp\/v2\/pages"}],"about":[{"href":"https:\/\/engranajesjuaristi.com\/en\/wp-json\/wp\/v2\/types\/page"}],"author":[{"embeddable":true,"href":"https:\/\/engranajesjuaristi.com\/en\/wp-json\/wp\/v2\/users\/5"}],"replies":[{"embeddable":true,"href":"https:\/\/engranajesjuaristi.com\/en\/wp-json\/wp\/v2\/comments?post=4616"}],"version-history":[{"count":3,"href":"https:\/\/engranajesjuaristi.com\/en\/wp-json\/wp\/v2\/pages\/4616\/revisions"}],"predecessor-version":[{"id":6424,"href":"https:\/\/engranajesjuaristi.com\/en\/wp-json\/wp\/v2\/pages\/4616\/revisions\/6424"}],"wp:attachment":[{"href":"https:\/\/engranajesjuaristi.com\/en\/wp-json\/wp\/v2\/media?parent=4616"}],"curies":[{"name":"wp","href":"https:\/\/api.w.org\/{rel}","templated":true}]}}