{"id":4618,"date":"2018-12-13T09:59:24","date_gmt":"2018-12-13T07:59:24","guid":{"rendered":"https:\/\/otzarretaclientes.com\/engranajesjuaristi\/politica-de-privacidad\/"},"modified":"2024-12-19T16:15:55","modified_gmt":"2024-12-19T14:15:55","slug":"datenschutzerklaerung","status":"publish","type":"page","link":"https:\/\/engranajesjuaristi.com\/de\/datenschutzerklaerung\/","title":{"rendered":"Datenschutzerkl\u00e4rung"},"content":{"rendered":"\r\n<h1 class=\"wp-block-heading\">DATENSCHUTZ-BESTIMMUNGEN<\/h1>\r\n\r\n\r\n\r\n<p><em><strong>1. Erhebung und Zweck der Verarbeitung personenbezogener Daten<\/strong><\/em><\/p>\r\n\r\n\r\n\r\n<p>In \u00dcbereinstimmung mit dem Organgesetz 15\/1999 vom 13. Dezember zum Schutz personenbezogener Daten (LOPD) informieren wir Sie, dass die personenbezogenen Daten, die Sie uns \u00fcber die Website www.engranajesjuaristi.com zur Verf\u00fcgung stellen, vertraulich behandelt werden und wird Teil einer automatisierten Datei im Besitz von ENGRANAJES JUARISTI, SL, mit der Adresse POLIGONO ABENDA\u00d1O &#8211; ERROTAZAR KALEA, Nr. 1 20800 Zarautz GUIPUZKOA, und die ordnungsgem\u00e4\u00df bei der spanischen Datenschutzbeh\u00f6rde (www.agpd .it is) registriert wurde.<br \/><br \/>Ihre personenbezogenen Daten werden zu dem im Webformular zur Datenerfassung angegebenen Zweck verwendet und im Allgemeinen, um Ihre Anfrage zu erf\u00fcllen, die Dienstleistung zu erbringen oder das angeforderte Produkt zu liefern, sowie um Zufriedenheitsstatistiken zu erstellen und Ihren Geschmack, Ihre Vorlieben oder Vorschl\u00e4ge zu kennen zur kontinuierlichen Verbesserung unserer Dienstleistungen.\u00a0Ihre Kontaktdaten werden unbeschadet Ihres Widerrufsrechts, das Sie jederzeit aus\u00fcben k\u00f6nnen, auf unbestimmte Zeit gespeichert, um Ihnen Informationen zu unserer T\u00e4tigkeit (auf gew\u00f6hnlichem oder elektronischem Weg) zu senden, die f\u00fcr Sie von Interesse sein k\u00f6nnten.\u00a0Wenn Sie diese Informationen nicht erhalten m\u00f6chten, k\u00f6nnen Sie dies unter der E-Mail-Adresse\u00a0\u00a0<a href=\"mailto:info@engranajesjuaristi.com\">info@engranajesjuaristi.com<\/a>\u00a0 mitteilen und wir werden Ihre Daten unverz\u00fcglich l\u00f6schen.<\/p>\r\n\r\n\r\n\r\n<p>Das Nichtausf\u00fcllen der als Pflichtfelder gekennzeichneten Felder, die in einem elektronischen Registrierungsformular erscheinen, kann zur Folge haben, dass EJSL Ihrer Anfrage nicht nachkommen kann.<\/p>\r\n\r\n\r\n\r\n<p>\u00a0EJSL verkauft, \u00fcbertr\u00e4gt, vermietet oder \u00fcbertr\u00e4gt in keiner Weise Informationen oder personenbezogene Daten seiner Kunden \/ Benutzer an Dritte.<\/p>\r\n\r\n\r\n\r\n<p><em><strong>2. Ihre Rechte<\/strong><\/em><\/p>\r\n\r\n\r\n\r\n<p>Wir informieren Sie, dass Sie Ihre Rechte auf Zugang, Berichtigung, L\u00f6schung und Widerspruch gem\u00e4\u00df den Bestimmungen des LOPD aus\u00fcben k\u00f6nnen, indem Sie einen eingeschriebenen Brief oder ein gleichwertiges Formular senden, das den Empfang nachweisen kann, zusammen mit einer Fotokopie Ihres Personalausweises an die folgende Adresse: ABENDA\u00d1O POLYGON &#8211; ERROTAZAR KALEA, N\u00ba1 20800 Zarautz GUIPUZKOA.<\/p>\r\n\r\n\r\n\r\n<p><em><strong>3. Cookies<\/strong><\/em><\/p>\r\n\r\n\r\n\r\n<p>Wir informieren Sie, dass EJSL\u00a0<em>Cookies<\/em>\u00a0\u00a0in ihren Systemen\u00a0installiert\u00a0\u00a0hat, um den angebotenen Service zu verbessern und zu personalisieren sowie die Navigation zu erleichtern. Cookies werden nur einem anonymen Benutzer und einem Computer zugeordnet und erm\u00f6glichen keinen Zugriff auf pers\u00f6nliche Charakterdaten.\u00a0Die\u00a0\u00a0<em>Cookies<\/em>\u00a0\u00a0sind kleine Textdateien, die der Browser auf der Festplatte Ihres Computers speichert.\u00a0Wenn Sie auf unserer Website surfen, kann unser Server\u00a0<em>Cookies<\/em>\u00a0erkennen\u00a0\u00a0\u00a0und uns Informationen \u00fcber die bei Ihrem letzten Besuch ausgew\u00e4hlte Sprache zur Verf\u00fcgung stellen.\u00a0Die meisten Browser akzeptieren die Verwendung von\u00a0\u00a0<em>Cookies<\/em>\u00a0automatisch, aber Sie k\u00f6nnen Ihren Browser so konfigurieren, dass er auf Ihrem Computerbildschirm \u00fcber den Empfang von\u00a0<em>Cookies<\/em>\u00a0informiert wird\u00a0\u00a0\u00a0und deren Installation auf Ihrer Festplatte verhindern kann.<\/p>\r\n\r\n\r\n\r\n<p><em><strong>4. Datenqualit\u00e4t<\/strong><\/em><\/p>\r\n\r\n\r\n\r\n<p>Der Benutzer garantiert, dass die an EJSL \u00fcbermittelten personenbezogenen Daten der Wahrheit entsprechen und ist f\u00fcr die Mitteilung jeglicher \u00c4nderungen an diesen verantwortlich.\u00a0Der Benutzer ist allein verantwortlich f\u00fcr alle direkten oder indirekten Verluste oder Sch\u00e4den, die EJSL oder Dritten durch das Ausf\u00fcllen der Formulare mit falschen, ungenauen, unvollst\u00e4ndigen oder veralteten Informationen entstehen k\u00f6nnten.\u00a0Der Benutzer darf keine personenbezogenen Daten von Dritten ohne deren vorherige informierte Zustimmung zu den Bestimmungen dieser Datenschutzrichtlinie verwenden, da er allein f\u00fcr deren Einf\u00fchrung verantwortlich ist.<\/p>\r\n\r\n\r\n\r\n<p><em><strong>5. Sicherheitsma\u00dfnahmen<\/strong><\/em><br \/>EJSL hat die erforderlichen Ma\u00dfnahmen ergriffen, um die \u00c4nderung, den Verlust, die Behandlung oder den unbefugten Zugriff auf personenbezogene Daten zu verhindern, und ber\u00fccksichtigt dabei jederzeit den Stand der Technik, die Art der gespeicherten Daten und die Risiken, denen sie ausgesetzt sind, Unabh\u00e4ngig davon, ob sie von Menschenhand oder von der physischen oder nat\u00fcrlichen Umgebung stammen, muss sich der Benutzer jedoch bewusst sein, dass die Sicherheitsma\u00dfnahmen des Internets nicht uneinnehmbar sind.<\/p>\r\n\r\n\r\n\r\n<p><em><strong>6. Besondere Bedingungen<\/strong><\/em><\/p>\r\n\r\n\r\n\r\n<p>Bestimmte von EJSL bereitgestellte Dienste k\u00f6nnen besondere Bedingungen mit besonderen Bestimmungen zum Schutz personenbezogener Daten enthalten, so dass die besonderen Bedingungen des jeweiligen Falles gelten.\u00a0In allem, was nicht durch die besonderen Bedingungen geregelt ist, gelten erg\u00e4nzend die in dieser Datenschutzerkl\u00e4rung enthaltenen allgemeinen Bedingungen.<\/p>\r\n\r\n\r\n\r\n<p><em><strong>7. Minderj\u00e4hrige<\/strong><\/em> \u00a0Kinder und Jugendliche unter 14 Jahren werden darauf hingewiesen, dass Sie die Zustimmung der Eltern oder Erziehungsberechtigten ben\u00f6tigen, um personenbezogene Daten auf der EJSL-Website bereitzustellen.<\/p>\r\n\r\n\r\n\r\n<p>&nbsp;<\/p>\r\n","protected":false},"excerpt":{"rendered":"<p>DATENSCHUTZ-BESTIMMUNGEN 1. Erhebung und Zweck der Verarbeitung personenbezogener Daten In \u00dcbereinstimmung mit dem Organgesetz 15\/1999 vom 13. Dezember zum Schutz personenbezogener Daten (LOPD) informieren wir Sie, dass die personenbezogenen Daten, die Sie uns \u00fcber die Website www.engranajesjuaristi.com zur Verf\u00fcgung stellen, vertraulich behandelt werden und wird Teil einer automatisierten Datei im Besitz von ENGRANAJES JUARISTI, SL, [&#8230;]\n","protected":false},"author":5,"featured_media":0,"parent":0,"menu_order":0,"comment_status":"closed","ping_status":"closed","template":"","meta":{"footnotes":""},"class_list":["post-4618","page","type-page","status-publish","hentry"],"yoast_head":"<!-- This site is optimized with the Yoast SEO plugin v27.5 - https:\/\/yoast.com\/product\/yoast-seo-wordpress\/ -->\n<title>Datenschutzerkl\u00e4rung - Engranajes Juaristi<\/title>\n<meta name=\"robots\" content=\"index, follow, max-snippet:-1, max-image-preview:large, max-video-preview:-1\" \/>\n<link rel=\"canonical\" href=\"https:\/\/engranajesjuaristi.com\/de\/datenschutzerklaerung\/\" \/>\n<meta property=\"og:locale\" content=\"de_DE\" \/>\n<meta property=\"og:type\" content=\"article\" \/>\n<meta property=\"og:title\" content=\"Datenschutzerkl\u00e4rung - Engranajes Juaristi\" \/>\n<meta property=\"og:description\" content=\"DATENSCHUTZ-BESTIMMUNGEN 1. Erhebung und Zweck der Verarbeitung personenbezogener Daten In \u00dcbereinstimmung mit dem Organgesetz 15\/1999 vom 13. Dezember zum Schutz personenbezogener Daten (LOPD) informieren wir Sie, dass die personenbezogenen Daten, die Sie uns \u00fcber die Website www.engranajesjuaristi.com zur Verf\u00fcgung stellen, vertraulich behandelt werden und wird Teil einer automatisierten Datei im Besitz von ENGRANAJES JUARISTI, SL, [...]\" \/>\n<meta property=\"og:url\" content=\"https:\/\/engranajesjuaristi.com\/de\/datenschutzerklaerung\/\" \/>\n<meta property=\"og:site_name\" content=\"Engranajes Juaristi\" \/>\n<meta property=\"article:modified_time\" content=\"2024-12-19T14:15:55+00:00\" \/>\n<meta property=\"og:image\" content=\"https:\/\/engranajesjuaristi.com\/wp-content\/uploads\/2021\/05\/juaristi_logo_web3.png\" \/>\n\t<meta property=\"og:image:width\" content=\"810\" \/>\n\t<meta property=\"og:image:height\" content=\"182\" \/>\n\t<meta property=\"og:image:type\" content=\"image\/png\" \/>\n<meta name=\"twitter:card\" content=\"summary_large_image\" \/>\n<meta name=\"twitter:label1\" content=\"Gesch\u00e4tzte Lesezeit\" \/>\n\t<meta name=\"twitter:data1\" content=\"3\u00a0Minuten\" \/>\n<script type=\"application\/ld+json\" class=\"yoast-schema-graph\">{\"@context\":\"https:\\\/\\\/schema.org\",\"@graph\":[{\"@type\":\"WebPage\",\"@id\":\"https:\\\/\\\/engranajesjuaristi.com\\\/de\\\/datenschutzerklaerung\\\/\",\"url\":\"https:\\\/\\\/engranajesjuaristi.com\\\/de\\\/datenschutzerklaerung\\\/\",\"name\":\"Datenschutzerkl\u00e4rung - Engranajes Juaristi\",\"isPartOf\":{\"@id\":\"https:\\\/\\\/engranajesjuaristi.com\\\/de\\\/#website\"},\"datePublished\":\"2018-12-13T07:59:24+00:00\",\"dateModified\":\"2024-12-19T14:15:55+00:00\",\"breadcrumb\":{\"@id\":\"https:\\\/\\\/engranajesjuaristi.com\\\/de\\\/datenschutzerklaerung\\\/#breadcrumb\"},\"inLanguage\":\"de\",\"potentialAction\":[{\"@type\":\"ReadAction\",\"target\":[\"https:\\\/\\\/engranajesjuaristi.com\\\/de\\\/datenschutzerklaerung\\\/\"]}]},{\"@type\":\"BreadcrumbList\",\"@id\":\"https:\\\/\\\/engranajesjuaristi.com\\\/de\\\/datenschutzerklaerung\\\/#breadcrumb\",\"itemListElement\":[{\"@type\":\"ListItem\",\"position\":1,\"name\":\"Portada\",\"item\":\"https:\\\/\\\/engranajesjuaristi.com\\\/de\\\/\"},{\"@type\":\"ListItem\",\"position\":2,\"name\":\"Datenschutzerkl\u00e4rung\"}]},{\"@type\":\"WebSite\",\"@id\":\"https:\\\/\\\/engranajesjuaristi.com\\\/de\\\/#website\",\"url\":\"https:\\\/\\\/engranajesjuaristi.com\\\/de\\\/\",\"name\":\"Engranajes Juaristi\",\"description\":\"Fabricaci\u00f3n de Engranajes, Cremalleras, Grupos sinfin-corona, Pi\u00f1ones\",\"publisher\":{\"@id\":\"https:\\\/\\\/engranajesjuaristi.com\\\/de\\\/#organization\"},\"potentialAction\":[{\"@type\":\"SearchAction\",\"target\":{\"@type\":\"EntryPoint\",\"urlTemplate\":\"https:\\\/\\\/engranajesjuaristi.com\\\/de\\\/?s={search_term_string}\"},\"query-input\":{\"@type\":\"PropertyValueSpecification\",\"valueRequired\":true,\"valueName\":\"search_term_string\"}}],\"inLanguage\":\"de\"},{\"@type\":\"Organization\",\"@id\":\"https:\\\/\\\/engranajesjuaristi.com\\\/de\\\/#organization\",\"name\":\"Engranajes Juaristi\",\"url\":\"https:\\\/\\\/engranajesjuaristi.com\\\/de\\\/\",\"logo\":{\"@type\":\"ImageObject\",\"inLanguage\":\"de\",\"@id\":\"https:\\\/\\\/engranajesjuaristi.com\\\/de\\\/#\\\/schema\\\/logo\\\/image\\\/\",\"url\":\"https:\\\/\\\/engranajesjuaristi.com\\\/wp-content\\\/uploads\\\/2021\\\/05\\\/juaristi_logo_web3.png\",\"contentUrl\":\"https:\\\/\\\/engranajesjuaristi.com\\\/wp-content\\\/uploads\\\/2021\\\/05\\\/juaristi_logo_web3.png\",\"width\":810,\"height\":182,\"caption\":\"Engranajes Juaristi\"},\"image\":{\"@id\":\"https:\\\/\\\/engranajesjuaristi.com\\\/de\\\/#\\\/schema\\\/logo\\\/image\\\/\"},\"sameAs\":[\"https:\\\/\\\/www.linkedin.com\\\/company\\\/engranajesjuaristi\\\/\"]}]}<\/script>\n<!-- \/ Yoast SEO plugin. -->","yoast_head_json":{"title":"Datenschutzerkl\u00e4rung - Engranajes Juaristi","robots":{"index":"index","follow":"follow","max-snippet":"max-snippet:-1","max-image-preview":"max-image-preview:large","max-video-preview":"max-video-preview:-1"},"canonical":"https:\/\/engranajesjuaristi.com\/de\/datenschutzerklaerung\/","og_locale":"de_DE","og_type":"article","og_title":"Datenschutzerkl\u00e4rung - Engranajes Juaristi","og_description":"DATENSCHUTZ-BESTIMMUNGEN 1. Erhebung und Zweck der Verarbeitung personenbezogener Daten In \u00dcbereinstimmung mit dem Organgesetz 15\/1999 vom 13. Dezember zum Schutz personenbezogener Daten (LOPD) informieren wir Sie, dass die personenbezogenen Daten, die Sie uns \u00fcber die Website www.engranajesjuaristi.com zur Verf\u00fcgung stellen, vertraulich behandelt werden und wird Teil einer automatisierten Datei im Besitz von ENGRANAJES JUARISTI, SL, [...]","og_url":"https:\/\/engranajesjuaristi.com\/de\/datenschutzerklaerung\/","og_site_name":"Engranajes Juaristi","article_modified_time":"2024-12-19T14:15:55+00:00","og_image":[{"width":810,"height":182,"url":"https:\/\/engranajesjuaristi.com\/wp-content\/uploads\/2021\/05\/juaristi_logo_web3.png","type":"image\/png"}],"twitter_card":"summary_large_image","twitter_misc":{"Gesch\u00e4tzte Lesezeit":"3\u00a0Minuten"},"schema":{"@context":"https:\/\/schema.org","@graph":[{"@type":"WebPage","@id":"https:\/\/engranajesjuaristi.com\/de\/datenschutzerklaerung\/","url":"https:\/\/engranajesjuaristi.com\/de\/datenschutzerklaerung\/","name":"Datenschutzerkl\u00e4rung - Engranajes Juaristi","isPartOf":{"@id":"https:\/\/engranajesjuaristi.com\/de\/#website"},"datePublished":"2018-12-13T07:59:24+00:00","dateModified":"2024-12-19T14:15:55+00:00","breadcrumb":{"@id":"https:\/\/engranajesjuaristi.com\/de\/datenschutzerklaerung\/#breadcrumb"},"inLanguage":"de","potentialAction":[{"@type":"ReadAction","target":["https:\/\/engranajesjuaristi.com\/de\/datenschutzerklaerung\/"]}]},{"@type":"BreadcrumbList","@id":"https:\/\/engranajesjuaristi.com\/de\/datenschutzerklaerung\/#breadcrumb","itemListElement":[{"@type":"ListItem","position":1,"name":"Portada","item":"https:\/\/engranajesjuaristi.com\/de\/"},{"@type":"ListItem","position":2,"name":"Datenschutzerkl\u00e4rung"}]},{"@type":"WebSite","@id":"https:\/\/engranajesjuaristi.com\/de\/#website","url":"https:\/\/engranajesjuaristi.com\/de\/","name":"Engranajes Juaristi","description":"Fabricaci\u00f3n de Engranajes, Cremalleras, Grupos sinfin-corona, Pi\u00f1ones","publisher":{"@id":"https:\/\/engranajesjuaristi.com\/de\/#organization"},"potentialAction":[{"@type":"SearchAction","target":{"@type":"EntryPoint","urlTemplate":"https:\/\/engranajesjuaristi.com\/de\/?s={search_term_string}"},"query-input":{"@type":"PropertyValueSpecification","valueRequired":true,"valueName":"search_term_string"}}],"inLanguage":"de"},{"@type":"Organization","@id":"https:\/\/engranajesjuaristi.com\/de\/#organization","name":"Engranajes Juaristi","url":"https:\/\/engranajesjuaristi.com\/de\/","logo":{"@type":"ImageObject","inLanguage":"de","@id":"https:\/\/engranajesjuaristi.com\/de\/#\/schema\/logo\/image\/","url":"https:\/\/engranajesjuaristi.com\/wp-content\/uploads\/2021\/05\/juaristi_logo_web3.png","contentUrl":"https:\/\/engranajesjuaristi.com\/wp-content\/uploads\/2021\/05\/juaristi_logo_web3.png","width":810,"height":182,"caption":"Engranajes Juaristi"},"image":{"@id":"https:\/\/engranajesjuaristi.com\/de\/#\/schema\/logo\/image\/"},"sameAs":["https:\/\/www.linkedin.com\/company\/engranajesjuaristi\/"]}]}},"_links":{"self":[{"href":"https:\/\/engranajesjuaristi.com\/de\/wp-json\/wp\/v2\/pages\/4618","targetHints":{"allow":["GET"]}}],"collection":[{"href":"https:\/\/engranajesjuaristi.com\/de\/wp-json\/wp\/v2\/pages"}],"about":[{"href":"https:\/\/engranajesjuaristi.com\/de\/wp-json\/wp\/v2\/types\/page"}],"author":[{"embeddable":true,"href":"https:\/\/engranajesjuaristi.com\/de\/wp-json\/wp\/v2\/users\/5"}],"replies":[{"embeddable":true,"href":"https:\/\/engranajesjuaristi.com\/de\/wp-json\/wp\/v2\/comments?post=4618"}],"version-history":[{"count":5,"href":"https:\/\/engranajesjuaristi.com\/de\/wp-json\/wp\/v2\/pages\/4618\/revisions"}],"predecessor-version":[{"id":6436,"href":"https:\/\/engranajesjuaristi.com\/de\/wp-json\/wp\/v2\/pages\/4618\/revisions\/6436"}],"wp:attachment":[{"href":"https:\/\/engranajesjuaristi.com\/de\/wp-json\/wp\/v2\/media?parent=4618"}],"curies":[{"name":"wp","href":"https:\/\/api.w.org\/{rel}","templated":true}]}}