{"id":4594,"date":"2018-12-13T13:56:54","date_gmt":"2018-12-13T11:56:54","guid":{"rendered":"https:\/\/otzarretaclientes.com\/engranajesjuaristi\/empresa\/"},"modified":"2021-07-23T13:06:38","modified_gmt":"2021-07-23T11:06:38","slug":"unternehmen","status":"publish","type":"page","link":"https:\/\/engranajesjuaristi.com\/de\/unternehmen\/","title":{"rendered":"Unternehmen"},"content":{"rendered":"\n\n\t<section class=\"section no-padding\" id=\"section_372634\">\n\t\t<div class=\"section-bg fill\" >\n\t\t\t\t\t\t\t\t\t\n\t\t\t\n\n\t\t<\/div>\n\n\t\t\n\n\t\t<div class=\"section-content relative\">\n\t\t\t\n\n\n  <div class=\"banner has-hover has-parallax\" id=\"banner-181568236\">\n          <div class=\"banner-inner fill\">\n        <div class=\"banner-bg fill\" data-parallax=\"-6\" data-parallax-container=\".banner\" data-parallax-background>\n            <img loading=\"lazy\" decoding=\"async\" width=\"1920\" height=\"800\" src=\"https:\/\/engranajesjuaristi.com\/wp-content\/uploads\/2021\/05\/empresa_titulo_02.jpg\" class=\"bg attachment-original size-original\" alt=\"empresa titulo 02\" \/>                        <div class=\"overlay\"><\/div>            \n                    <\/div>\n\t\t\n        <div class=\"banner-layers container\">\n            <div class=\"fill banner-link\"><\/div>            \n\n   <div id=\"text-box-1698281293\" class=\"text-box banner-layer x50 md-x50 lg-x50 y50 md-y50 lg-y50 res-text\">\n                     <div data-animate=\"fadeInDown\">           <div class=\"text-box-content text dark\">\n              \n              <div class=\"text-inner text-center\">\n                  \n\n<h1 class=\"uppercase\"><strong>Engranajes Juaristi<\/strong><\/h1>\n\n              <\/div>\n           <\/div>\n       <\/div>                     \n<style>\n#text-box-1698281293 {\n  width: 60%;\n}\n#text-box-1698281293 .text-box-content {\n  font-size: 100%;\n}\n<\/style>\n    <\/div>\n \n\n        <\/div>\n      <\/div>\n\n            \n<style>\n#banner-181568236 {\n  padding-top: 400px;\n}\n#banner-181568236 .overlay {\n  background-color: rgba(0, 0, 0, 0.3);\n}\n#banner-181568236 .banner-bg img {\n  object-position: 30% 43%;\n}\n<\/style>\n  <\/div>\n\n\n\n\t\t<\/div>\n\n\t\t\n<style>\n#section_372634 {\n  padding-top: 30px;\n  padding-bottom: 30px;\n}\n<\/style>\n\t<\/section>\n\t\n\n\t<section class=\"section\" id=\"section_1399718447\">\n\t\t<div class=\"section-bg fill\" >\n\t\t\t\t\t\t\t\t\t\n\t\t\t\n\n\t\t<\/div>\n\n\t\t\n\n\t\t<div class=\"section-content relative\">\n\t\t\t\n\n\t<div id=\"gap-1072513015\" class=\"gap-element clearfix\" style=\"display:block; height:auto;\">\n\t\t\n<style>\n#gap-1072513015 {\n  padding-top: 50px;\n}\n<\/style>\n\t<\/div>\n\t\n\n<div class=\"row\"  id=\"row-1016651635\">\n\n\n\t<div id=\"col-63479375\" class=\"col medium-6 small-12 large-6\"  data-animate=\"fadeInLeft\">\n\t\t\t\t<div class=\"col-inner\"  >\n\t\t\t\n\t\t\t\n\n\t<div class=\"img has-hover x md-x lg-x y md-y lg-y\" id=\"image_493994287\">\n\t\t\t\t\t\t\t\t<div class=\"img-inner dark\" >\n\t\t\t<img loading=\"lazy\" decoding=\"async\" width=\"800\" height=\"690\" src=\"https:\/\/engranajesjuaristi.com\/wp-content\/uploads\/2021\/05\/empresa_01.jpg\" class=\"attachment-original size-original\" alt=\"empresa 01\" srcset=\"https:\/\/engranajesjuaristi.com\/wp-content\/uploads\/2021\/05\/empresa_01.jpg 800w, https:\/\/engranajesjuaristi.com\/wp-content\/uploads\/2021\/05\/empresa_01-300x259.jpg 300w, https:\/\/engranajesjuaristi.com\/wp-content\/uploads\/2021\/05\/empresa_01-768x662.jpg 768w\" sizes=\"auto, (max-width: 800px) 100vw, 800px\" \/>\t\t\t\t\t\t\n\t\t\t\t\t<\/div>\n\t\t\t\t\t\t\t\t\n<style>\n#image_493994287 {\n  width: 100%;\n}\n<\/style>\n\t<\/div>\n\t\n\n\n\t\t<\/div>\n\t\t\t\t\t<\/div>\n\n\t\n\n\t<div id=\"col-1656421030\" class=\"col medium-6 small-12 large-6\"  >\n\t\t\t\t<div class=\"col-inner\"  >\n\t\t\t\n\t\t\t\n\n<h2>\u00dcbertragungselemente von h\u00f6chster Qualit\u00e4t<\/h2>\n\t<div id=\"gap-308547984\" class=\"gap-element clearfix\" style=\"display:block; height:auto;\">\n\t\t\n<style>\n#gap-308547984 {\n  padding-top: 20px;\n}\n<\/style>\n\t<\/div>\n\t\n\n<p>Qualit\u00e4t und Reaktionsschnelligkeit sind unsere Markenzeichen.<\/p>\n<p>Wir bieten Ihnen Agilit\u00e4t in puncto Angebotserstellung und Ausf\u00fchrung von mittleren und kleinen St\u00fcckzahlen und sogar Einzelst\u00fccken. Unsere Spezialisierung und umsichtige Betreuung erm\u00f6glichen uns Flexibilit\u00e4t bei der Ausf\u00fchrung von Sonderanfertigungen und Projekten.<\/p>\n\n\t\t<\/div>\n\t\t\t\t\n<style>\n#col-1656421030 > .col-inner {\n  padding: 0px 20px 0px 20px;\n}\n<\/style>\n\t<\/div>\n\n\t\n\n<\/div>\n\t<div id=\"gap-1188400520\" class=\"gap-element clearfix\" style=\"display:block; height:auto;\">\n\t\t\n<style>\n#gap-1188400520 {\n  padding-top: 40px;\n}\n<\/style>\n\t<\/div>\n\t\n\n<div class=\"row\"  id=\"row-1684080353\">\n\n\n\t<div id=\"col-1087630496\" class=\"col medium-6 small-12 large-6\"  >\n\t\t\t\t<div class=\"col-inner\"  >\n\t\t\t\n\t\t\t\n\n<p>Engranajes JUARISTI, S.L. Wir sind ein Unternehmen, das sich seit 1958 der Welt der Zahnr\u00e4der verschrieben hat. Wir kombinieren Erfahrung mit kontinuierlicher Verbesserung basierend auf Spitzentechnologie und einem Expertenteam, das stets auf dem neuesten Stand ist. So sind wir in der Lage, genau den Service zu bieten, den unsere Kunden im Bereich der Zahnradtechnik ben\u00f6tigen.<\/p>\n<p>Wir setzen auf erstklassige Produktionsmittel, die st\u00e4ndig erneuert werden und haben uns zum Ziel gesetzt, zuverl\u00e4ssige L\u00f6sungen f\u00fcr die technischen Anforderungen des Marktes zu bieten.<\/p>\n\n\t\t<\/div>\n\t\t\t\t\n<style>\n#col-1087630496 > .col-inner {\n  padding: 0px 20px 0px 20px;\n}\n<\/style>\n\t<\/div>\n\n\t\n\n\t<div id=\"col-1730045817\" class=\"col medium-6 small-12 large-6 small-col-first\"  data-animate=\"fadeInRight\">\n\t\t\t\t<div class=\"col-inner\"  >\n\t\t\t\n\t\t\t\n\n\t<div class=\"img has-hover x md-x lg-x y md-y lg-y\" id=\"image_1317390966\">\n\t\t\t\t\t\t\t\t<div class=\"img-inner dark\" >\n\t\t\t<img loading=\"lazy\" decoding=\"async\" width=\"800\" height=\"690\" src=\"https:\/\/engranajesjuaristi.com\/wp-content\/uploads\/2021\/05\/empresa_02.jpg\" class=\"attachment-original size-original\" alt=\"empresa 02\" srcset=\"https:\/\/engranajesjuaristi.com\/wp-content\/uploads\/2021\/05\/empresa_02.jpg 800w, https:\/\/engranajesjuaristi.com\/wp-content\/uploads\/2021\/05\/empresa_02-300x259.jpg 300w, https:\/\/engranajesjuaristi.com\/wp-content\/uploads\/2021\/05\/empresa_02-768x662.jpg 768w\" sizes=\"auto, (max-width: 800px) 100vw, 800px\" \/>\t\t\t\t\t\t\n\t\t\t\t\t<\/div>\n\t\t\t\t\t\t\t\t\n<style>\n#image_1317390966 {\n  width: 100%;\n}\n<\/style>\n\t<\/div>\n\t\n\n\n\t\t<\/div>\n\t\t\t\t\t<\/div>\n\n\t\n\n<\/div>\n\n\t\t<\/div>\n\n\t\t\n<style>\n#section_1399718447 {\n  padding-top: 30px;\n  padding-bottom: 30px;\n}\n<\/style>\n\t<\/section>\n\t\n\t<div id=\"gap-2067869412\" class=\"gap-element clearfix\" style=\"display:block; height:auto;\">\n\t\t\n<style>\n#gap-2067869412 {\n  padding-top: 40px;\n}\n<\/style>\n\t<\/div>\n\t\n\n\n\t<section class=\"section\" id=\"section_2036031839\">\n\t\t<div class=\"section-bg fill\" >\n\t\t\t\t\t\t\t\t\t\n\t\t\t\n\n\t\t<\/div>\n\n\t\t\n\n\t\t<div class=\"section-content relative\">\n\t\t\t\n\n<div class=\"row align-center\"  id=\"row-195293164\">\n\n\n\t<div id=\"col-1093824626\" class=\"col small-12 large-12\"  data-animate=\"fadeInUp\">\n\t\t\t\t<div class=\"col-inner text-left\"  >\n\t\t\t\n\t\t\t\n\n<div class=\"container section-title-container\" ><h3 class=\"section-title section-title-center\"><b aria-hidden=\"true\"><\/b><span class=\"section-title-main\" style=\"font-size:110%;\">LINKS<\/span><b aria-hidden=\"true\"><\/b><\/h3><\/div>\n\n<div class=\"row align-middle align-center row-dashed\"  id=\"row-549889177\">\n\n\n\t<div id=\"col-818303463\" class=\"col medium-4 small-12 large-4\"  >\n\t\t\t\t<div class=\"col-inner text-center\"  >\n\t\t\t\n\t\t\t\n\n<div class=\"ux-logo has-hover align-middle ux_logo inline-block\" style=\"max-width: 100%!important; width: 320px!important\"><a class=\"ux-logo-link block image-zoom\" title=\"\" target=\"_blank\" rel=\"noopener\" href=\"https:\/\/www.afm.es\/\" style=\"padding: 15px;\"><img decoding=\"async\" src=\"https:\/\/engranajesjuaristi.com\/wp-content\/uploads\/2021\/05\/logos-enlaces-interes_01.png\" title=\"\" alt=\"\" class=\"ux-logo-image block\" style=\"height:140px;\" \/><\/a><\/div>\n\n\n\t\t<\/div>\n\t\t\t\t\t<\/div>\n\n\t\n\n\t<div id=\"col-476849949\" class=\"col medium-4 small-12 large-4\"  >\n\t\t\t\t<div class=\"col-inner text-center\"  >\n\t\t\t\n\t\t\t\n\n<div class=\"ux-logo has-hover align-middle ux_logo inline-block\" style=\"max-width: 100%!important; width: 320px!important\"><a class=\"ux-logo-link block image-zoom\" title=\"\" target=\"_blank\" rel=\"noopener\" href=\"http:\/\/www.ori-zautz.com\/\" style=\"padding: 15px;\"><img decoding=\"async\" src=\"https:\/\/engranajesjuaristi.com\/wp-content\/uploads\/2021\/05\/logos-enlaces-interes_02.png\" title=\"\" alt=\"\" class=\"ux-logo-image block\" style=\"height:140px;\" \/><\/a><\/div>\n\n\n\t\t<\/div>\n\t\t\t\t\t<\/div>\n\n\t\n\n<\/div>\n\n\t\t<\/div>\n\t\t\t\t\t<\/div>\n\n\t\n\n<\/div>\n\n\t\t<\/div>\n\n\t\t\n<style>\n#section_2036031839 {\n  padding-top: 50px;\n  padding-bottom: 50px;\n  background-color: rgb(243, 243, 243);\n}\n<\/style>\n\t<\/section>\n\t\n\n","protected":false},"excerpt":{"rendered":"","protected":false},"author":5,"featured_media":0,"parent":0,"menu_order":0,"comment_status":"closed","ping_status":"closed","template":"page-blank.php","meta":{"footnotes":""},"class_list":["post-4594","page","type-page","status-publish","hentry"],"yoast_head":"<!-- This site is optimized with the Yoast SEO plugin v27.5 - https:\/\/yoast.com\/product\/yoast-seo-wordpress\/ -->\n<title>Unternehmen - Engranajes Juaristi<\/title>\n<meta name=\"robots\" content=\"index, follow, max-snippet:-1, max-image-preview:large, max-video-preview:-1\" \/>\n<link rel=\"canonical\" href=\"https:\/\/engranajesjuaristi.com\/de\/unternehmen\/\" \/>\n<meta property=\"og:locale\" content=\"de_DE\" \/>\n<meta property=\"og:type\" content=\"article\" \/>\n<meta property=\"og:title\" content=\"Unternehmen - Engranajes Juaristi\" \/>\n<meta property=\"og:url\" content=\"https:\/\/engranajesjuaristi.com\/de\/unternehmen\/\" \/>\n<meta property=\"og:site_name\" content=\"Engranajes Juaristi\" \/>\n<meta property=\"article:modified_time\" content=\"2021-07-23T11:06:38+00:00\" \/>\n<meta property=\"og:image\" content=\"https:\/\/engranajesjuaristi.com\/wp-content\/uploads\/2021\/05\/juaristi_logo_web3.png\" \/>\n\t<meta property=\"og:image:width\" content=\"810\" \/>\n\t<meta property=\"og:image:height\" content=\"182\" \/>\n\t<meta property=\"og:image:type\" content=\"image\/png\" \/>\n<meta name=\"twitter:card\" content=\"summary_large_image\" \/>\n<meta name=\"twitter:label1\" content=\"Gesch\u00e4tzte Lesezeit\" \/>\n\t<meta name=\"twitter:data1\" content=\"2\u00a0Minuten\" \/>\n<script type=\"application\/ld+json\" class=\"yoast-schema-graph\">{\"@context\":\"https:\\\/\\\/schema.org\",\"@graph\":[{\"@type\":\"WebPage\",\"@id\":\"https:\\\/\\\/engranajesjuaristi.com\\\/de\\\/unternehmen\\\/\",\"url\":\"https:\\\/\\\/engranajesjuaristi.com\\\/de\\\/unternehmen\\\/\",\"name\":\"Unternehmen - Engranajes Juaristi\",\"isPartOf\":{\"@id\":\"https:\\\/\\\/engranajesjuaristi.com\\\/de\\\/#website\"},\"datePublished\":\"2018-12-13T11:56:54+00:00\",\"dateModified\":\"2021-07-23T11:06:38+00:00\",\"breadcrumb\":{\"@id\":\"https:\\\/\\\/engranajesjuaristi.com\\\/de\\\/unternehmen\\\/#breadcrumb\"},\"inLanguage\":\"de\",\"potentialAction\":[{\"@type\":\"ReadAction\",\"target\":[\"https:\\\/\\\/engranajesjuaristi.com\\\/de\\\/unternehmen\\\/\"]}]},{\"@type\":\"BreadcrumbList\",\"@id\":\"https:\\\/\\\/engranajesjuaristi.com\\\/de\\\/unternehmen\\\/#breadcrumb\",\"itemListElement\":[{\"@type\":\"ListItem\",\"position\":1,\"name\":\"Portada\",\"item\":\"https:\\\/\\\/engranajesjuaristi.com\\\/de\\\/\"},{\"@type\":\"ListItem\",\"position\":2,\"name\":\"Unternehmen\"}]},{\"@type\":\"WebSite\",\"@id\":\"https:\\\/\\\/engranajesjuaristi.com\\\/de\\\/#website\",\"url\":\"https:\\\/\\\/engranajesjuaristi.com\\\/de\\\/\",\"name\":\"Engranajes Juaristi\",\"description\":\"Fabricaci\u00f3n de Engranajes, Cremalleras, Grupos sinfin-corona, Pi\u00f1ones\",\"publisher\":{\"@id\":\"https:\\\/\\\/engranajesjuaristi.com\\\/de\\\/#organization\"},\"potentialAction\":[{\"@type\":\"SearchAction\",\"target\":{\"@type\":\"EntryPoint\",\"urlTemplate\":\"https:\\\/\\\/engranajesjuaristi.com\\\/de\\\/?s={search_term_string}\"},\"query-input\":{\"@type\":\"PropertyValueSpecification\",\"valueRequired\":true,\"valueName\":\"search_term_string\"}}],\"inLanguage\":\"de\"},{\"@type\":\"Organization\",\"@id\":\"https:\\\/\\\/engranajesjuaristi.com\\\/de\\\/#organization\",\"name\":\"Engranajes Juaristi\",\"url\":\"https:\\\/\\\/engranajesjuaristi.com\\\/de\\\/\",\"logo\":{\"@type\":\"ImageObject\",\"inLanguage\":\"de\",\"@id\":\"https:\\\/\\\/engranajesjuaristi.com\\\/de\\\/#\\\/schema\\\/logo\\\/image\\\/\",\"url\":\"https:\\\/\\\/engranajesjuaristi.com\\\/wp-content\\\/uploads\\\/2021\\\/05\\\/juaristi_logo_web3.png\",\"contentUrl\":\"https:\\\/\\\/engranajesjuaristi.com\\\/wp-content\\\/uploads\\\/2021\\\/05\\\/juaristi_logo_web3.png\",\"width\":810,\"height\":182,\"caption\":\"Engranajes Juaristi\"},\"image\":{\"@id\":\"https:\\\/\\\/engranajesjuaristi.com\\\/de\\\/#\\\/schema\\\/logo\\\/image\\\/\"},\"sameAs\":[\"https:\\\/\\\/www.linkedin.com\\\/company\\\/engranajesjuaristi\\\/\"]}]}<\/script>\n<!-- \/ Yoast SEO plugin. -->","yoast_head_json":{"title":"Unternehmen - Engranajes Juaristi","robots":{"index":"index","follow":"follow","max-snippet":"max-snippet:-1","max-image-preview":"max-image-preview:large","max-video-preview":"max-video-preview:-1"},"canonical":"https:\/\/engranajesjuaristi.com\/de\/unternehmen\/","og_locale":"de_DE","og_type":"article","og_title":"Unternehmen - Engranajes Juaristi","og_url":"https:\/\/engranajesjuaristi.com\/de\/unternehmen\/","og_site_name":"Engranajes Juaristi","article_modified_time":"2021-07-23T11:06:38+00:00","og_image":[{"width":810,"height":182,"url":"https:\/\/engranajesjuaristi.com\/wp-content\/uploads\/2021\/05\/juaristi_logo_web3.png","type":"image\/png"}],"twitter_card":"summary_large_image","twitter_misc":{"Gesch\u00e4tzte Lesezeit":"2\u00a0Minuten"},"schema":{"@context":"https:\/\/schema.org","@graph":[{"@type":"WebPage","@id":"https:\/\/engranajesjuaristi.com\/de\/unternehmen\/","url":"https:\/\/engranajesjuaristi.com\/de\/unternehmen\/","name":"Unternehmen - Engranajes Juaristi","isPartOf":{"@id":"https:\/\/engranajesjuaristi.com\/de\/#website"},"datePublished":"2018-12-13T11:56:54+00:00","dateModified":"2021-07-23T11:06:38+00:00","breadcrumb":{"@id":"https:\/\/engranajesjuaristi.com\/de\/unternehmen\/#breadcrumb"},"inLanguage":"de","potentialAction":[{"@type":"ReadAction","target":["https:\/\/engranajesjuaristi.com\/de\/unternehmen\/"]}]},{"@type":"BreadcrumbList","@id":"https:\/\/engranajesjuaristi.com\/de\/unternehmen\/#breadcrumb","itemListElement":[{"@type":"ListItem","position":1,"name":"Portada","item":"https:\/\/engranajesjuaristi.com\/de\/"},{"@type":"ListItem","position":2,"name":"Unternehmen"}]},{"@type":"WebSite","@id":"https:\/\/engranajesjuaristi.com\/de\/#website","url":"https:\/\/engranajesjuaristi.com\/de\/","name":"Engranajes Juaristi","description":"Fabricaci\u00f3n de Engranajes, Cremalleras, Grupos sinfin-corona, Pi\u00f1ones","publisher":{"@id":"https:\/\/engranajesjuaristi.com\/de\/#organization"},"potentialAction":[{"@type":"SearchAction","target":{"@type":"EntryPoint","urlTemplate":"https:\/\/engranajesjuaristi.com\/de\/?s={search_term_string}"},"query-input":{"@type":"PropertyValueSpecification","valueRequired":true,"valueName":"search_term_string"}}],"inLanguage":"de"},{"@type":"Organization","@id":"https:\/\/engranajesjuaristi.com\/de\/#organization","name":"Engranajes Juaristi","url":"https:\/\/engranajesjuaristi.com\/de\/","logo":{"@type":"ImageObject","inLanguage":"de","@id":"https:\/\/engranajesjuaristi.com\/de\/#\/schema\/logo\/image\/","url":"https:\/\/engranajesjuaristi.com\/wp-content\/uploads\/2021\/05\/juaristi_logo_web3.png","contentUrl":"https:\/\/engranajesjuaristi.com\/wp-content\/uploads\/2021\/05\/juaristi_logo_web3.png","width":810,"height":182,"caption":"Engranajes Juaristi"},"image":{"@id":"https:\/\/engranajesjuaristi.com\/de\/#\/schema\/logo\/image\/"},"sameAs":["https:\/\/www.linkedin.com\/company\/engranajesjuaristi\/"]}]}},"_links":{"self":[{"href":"https:\/\/engranajesjuaristi.com\/de\/wp-json\/wp\/v2\/pages\/4594","targetHints":{"allow":["GET"]}}],"collection":[{"href":"https:\/\/engranajesjuaristi.com\/de\/wp-json\/wp\/v2\/pages"}],"about":[{"href":"https:\/\/engranajesjuaristi.com\/de\/wp-json\/wp\/v2\/types\/page"}],"author":[{"embeddable":true,"href":"https:\/\/engranajesjuaristi.com\/de\/wp-json\/wp\/v2\/users\/5"}],"replies":[{"embeddable":true,"href":"https:\/\/engranajesjuaristi.com\/de\/wp-json\/wp\/v2\/comments?post=4594"}],"version-history":[{"count":5,"href":"https:\/\/engranajesjuaristi.com\/de\/wp-json\/wp\/v2\/pages\/4594\/revisions"}],"predecessor-version":[{"id":5515,"href":"https:\/\/engranajesjuaristi.com\/de\/wp-json\/wp\/v2\/pages\/4594\/revisions\/5515"}],"wp:attachment":[{"href":"https:\/\/engranajesjuaristi.com\/de\/wp-json\/wp\/v2\/media?parent=4594"}],"curies":[{"name":"wp","href":"https:\/\/api.w.org\/{rel}","templated":true}]}}