{"id":4576,"date":"2018-11-22T09:10:26","date_gmt":"2018-11-22T09:10:26","guid":{"rendered":"https:\/\/otzarretaclientes.com\/engranajesjuaristi\/aviso-legal\/"},"modified":"2024-12-19T16:13:37","modified_gmt":"2024-12-19T14:13:37","slug":"rechtlicher-hinweis","status":"publish","type":"page","link":"https:\/\/engranajesjuaristi.com\/de\/rechtlicher-hinweis\/","title":{"rendered":"Rechtlicher Hinweis"},"content":{"rendered":"\r\n<h1 class=\"wp-block-heading\">RECHTLICHER HINWEIS<\/h1>\r\n\r\n\r\n\r\n<p>&nbsp;<\/p>\r\n\r\n\r\n\r\n<p><em><strong>1.\u00a0\u00a0\u00a0 Identit\u00e4t des Inhabers der Website.<\/strong><\/em><\/p>\r\n\r\n\r\n\r\n<p>In \u00dcbereinstimmung mit dem Gesetz 34\/2002 vom 11. Juli \u00fcber Dienstleistungen der IGem\u00e4\u00df dem Gesetz 34\/2002 vom 11. Juli \u00fcber Dienstleistungen f\u00fcr die Informationsgesellschaft und den elektronischen Gesch\u00e4ftsverkehr informieren wir Sie nachfolgend \u00fcber den Inhaber der Webseite engranajesjuaristi.com<\/p>\r\n\r\n\r\n\r\n<p><strong>Firmenname:\u00a0 <\/strong>ENGRANAJES JUARISTI, S.L.<\/p>\r\n\r\n\r\n\r\n<p><strong>Umsatzsteuer-Id.-Nr.: <\/strong>B20055802<\/p>\r\n\r\n\r\n\r\n<p><strong>Anschrift: <\/strong>POLIGONO ABENDA\u00d1O \u2013 ERROTAZAR KALEA, N\u00ba1 20800 Zarautz GUIPUZKA (Spanien)<\/p>\r\n\r\n\r\n\r\n<p><strong>Telefon:<\/strong> +34 943 13 2280<\/p>\r\n\r\n\r\n\r\n<p><strong>E-Mail: <\/strong><a href=\"mailto:info@engranajesjuaristi.com\">info@engranajesjuaristi.com<\/a><\/p>\r\n\r\n\r\n\r\n<p><strong>Handelsregister: <\/strong>Eingetragen im Handelsregister Band 380 Gesellschaftsverzeichnis, Blatt 17, Nummer 1169<\/p>\r\n\r\n\r\n\r\n<p><em><strong>2.\u00a0\u00a0\u00a0 Allgemeine Nutzungsbedingungen f\u00fcr diese Website<\/strong><\/em><\/p>\r\n\r\n\r\n\r\n<p>Der Zugriff auf diese Seite verleiht Ihnen den Status des \u201eBenutzers\u201c, was wiederum bedeutet, dass Sie den auf www.engranajesjuaristi.com ver\u00f6ffentlichten allgemeinen Bedingungen im Moment des Zugriffs auf die Website ausdr\u00fccklich und ohne Vorbehalte zustimmen. Daher muss der Benutzer die vorliegenden allgemeinen Nutzungsbedingungen lesen, und zwar vor jedem Zugriff und vor der eventuellen Nutzung der Dienstleistungen auf der Seite, da sich die Nutzungsbedingungen ge\u00e4ndert haben k\u00f6nnten.<\/p>\r\n\r\n\r\n\r\n<p>Als \u201eBenutzer\u201c gilt dementsprechend jede Person, die auf die Seite www.engranajesjuaristi.com zugreift, auf ihr surft oder aber die Dienstleistungen und Aktivit\u00e4ten, ob kostenlos oder geb\u00fchrenpflichtig, nutzt, bzw. daran teilnimmt.<\/p>\r\n\r\n\r\n\r\n<p><strong>2.1.- Gegenstand und Anwendungsbereich<\/strong><\/p>\r\n\r\n\r\n\r\n<p>Die vorliegenden allgemeinen Nutzungsbedingungen regeln den Zugriff, die Navigation und die Verwendung der von www.engranajesjuaristi.com, sowie die aus der Nutzung ihrer Inhalte entstehenden Verantwortlichkeiten. Diese Inhalte k\u00f6nnen sein: Texte, Grafiken, Zeichnungen, Designs, Codes, Software, Fotos, Musik, Videos, T\u00f6ne, Datenbanken, Bilder, Ausdr\u00fccke und Informationen, sowie weiterhin alle anderen Kreationen, die durch nationale Gesetze und internationale Abkommen \u00fcber geistiges und industrielles Eigentum gesch\u00fctzt sind.<\/p>\r\n\r\n\r\n\r\n<p><strong>2.2.- Zugriffs- und Nutzungsbedingungen der Dienstleistungen<\/strong><\/p>\r\n\r\n\r\n\r\n<p>a)\u00a0\u00a0\u00a0\u00a0\u00a0 Der Zugang zu www.engranajesjuaristi.com ist grunds\u00e4tzlich kostenlos.<\/p>\r\n\r\n\r\n\r\n<p>b)\u00a0\u00a0\u00a0\u00a0\u00a0 Der Benutzer muss stets die Dienstleistungen dieser Website auf ordnungsgem\u00e4\u00dfe Weise nutzen, und zwar in \u00dcbereinstimmung mit den vorliegenden Nutzungsbedingungen, dem geltenden Recht, der Moral und der \u00f6ffentlichen Ordnung, sowie den allgemein anerkannten Praktiken im Internet.<\/p>\r\n\r\n\r\n\r\n<p>c)\u00a0\u00a0\u00a0\u00a0\u00a0\u00a0 Der Benutzer gew\u00e4hrleistet, dass s\u00e4mtliche Informationen, die er in Formulare dieser Website eintr\u00e4gt zul\u00e4ssig, echt, genau, wahrheitsgem\u00e4\u00df und aktuell sind. \u00c4ndern sich die bereitgestellten Informationen, so ist der Benutzer dazu verpflichtet, dies EJSL umgehend mitzuteilen.<\/p>\r\n\r\n\r\n\r\n<p>d)\u00a0\u00a0\u00a0\u00a0\u00a0 Der Benutzer darf keine Viren, Programme, Makros oder andere Zeichenfolgen mit dem Zweck, die Informationssysteme dieser Webseite zu sch\u00e4digen oder zu \u00e4ndern, eingeben; weiterhin darf er den Zugriff anderer Benutzer nicht durch massiven Verbrauch von Ressourcen behindern; er darf keine der in der Webseite enthaltenen Daten zum Zweck der Ver\u00f6ffentlichung erfassen; er darf die Inhalte dieser Website nicht vervielf\u00e4ltigen, kopieren, verbreiten, transformieren oder Dritten zur Verf\u00fcgung stellen; er darf mittels der auf dieser Webseite bereitgestellten Dienstleistungen keine Handlungen vornehmen, die das geistige Eigentum, industrielle Geheimnisse, vertragliche Verpflichtungen, Rechte auf Ehre, Image und pers\u00f6nliche Privatsph\u00e4re Dritter verletzen; und er darf keine Handlungen des unlauteren Wettbewerbs sowie illegaler Werbung vornehmen.<\/p>\r\n\r\n\r\n\r\n<p><em><strong>3.\u00a0\u00a0\u00a0 Rechte an geistigem und gewerblichem Eigentum.<\/strong><\/em><\/p>\r\n\r\n\r\n\r\n<p>EJSL ist Inhaber aller geistigen und industriellen Eigentumsrechte s\u00e4mtlicher Elemente auf der Webseite www.engranajesjuaristi.com, einschlie\u00dflich der Marke, dem Handelsnamen und dem Logo. Insbesondere, jedoch nicht eingeschr\u00e4nkt darauf, sind Grafikdesign, Font-Code, Logos, Texte, Grafiken, Illustrationen, Fotos, Audios und andere auf dieser Website enthaltene Elemente urheberrechtlich gesch\u00fctzt.<\/p>\r\n\r\n\r\n\r\n<p>Der Zugriff und das Navigieren auf der Website www.engranajesjuaristi.com zur pers\u00f6nlichen Verwendung durch den Benutzer bedeutet in keinem Fall einen Verzicht, eine \u00dcbertragung, bzw. eine vollst\u00e4ndige oder teilweise Lizenzierung seitens EJSL der geistigen und industriellen Eigentumsrechte.<\/p>\r\n\r\n\r\n\r\n<p>Der Benutzer erkennt daher an, dass die Vervielf\u00e4ltigung, das Kopieren, das Verbreiten, die Vermarktung, die Umwandlung, die Wiederverwendung, die \u00f6ffentliche Mitteilung und ganz allgemein jegliche andere Nutzung mittels eines beliebigen Vorgangs des gesamten oder eines Teils der Inhalte auf www.engranajesjuaristi.com ohne ausdr\u00fcckliche und schriftliche Autorisierung durch EJSL eine Verletzung ihrer geistigen und\/oder gewerblichen Eigentumsrechte darstellt.<\/p>\r\n\r\n\r\n\r\n<p>S\u00e4mtliche nicht personenbezogenen Daten, die freiwillig auf der Website www.engranajesjuaristi.com \u00fcber das Internet eingegeben wurden (einschlie\u00dflich jeglicher Anmerkungen, Vorschl\u00e4ge, Ideen, Grafiken usw.) gelten als ausschlie\u00dfliches Eigentum von EJSL und verleihen EJSL uneingeschr\u00e4nkte Nutzungsrechte derselben, ohne dass jedoch dadurch ein Anspruch auf Entsch\u00e4digung f\u00fcr den Benutzer entsteht.<\/p>\r\n\r\n\r\n\r\n<p><em><strong>4.\u00a0\u00a0\u00a0 Regelung der Verantwortlichkeiten und Gew\u00e4hrleistungen.<\/strong><\/em><\/p>\r\n\r\n\r\n\r\n<p>4.1.\u00a0\u00a0\u00a0Das Unternehmen EJSL erkl\u00e4rt, dass es die technischen und organisatorischen Ma\u00dfnahmen ergriffen hat, die im Rahmen seiner M\u00f6glichkeiten und des Stands der Technik das ordnungsgem\u00e4\u00dfe Funktionieren der Website sowie die Abwesenheit von Viren und sch\u00e4dlichen Komponenten erm\u00f6glichen; es kann jedoch nicht verantwortlich gemacht werden f\u00fcr: (a) die Kontinuit\u00e4t und Verf\u00fcgbarkeit der in www.engranajesjuaristi.com enthaltenen Inhalte und Dienste; (b) die Fehlerfreiheit der genannten Inhalte oder die Behebung von eventuell auftretenden M\u00e4ngeln; (c) die Abwesenheit von Viren und\/oder anderen sch\u00e4dlichen Komponenten in www.engranajesjuaristi.com; (d) die Unangreifbarkeit der getroffenen Sicherheitsma\u00dfnahmen; (e) die Sch\u00e4den, die durch Personen verursacht werden, die die Sicherheitssysteme von www.engranajesjuaristi.com verletzen.<\/p>\r\n\r\n\r\n\r\n<p>4.2.\u00a0\u00a0 EJSL kann nicht f\u00fcr die Richtigkeit, Verf\u00fcgbarkeit, N\u00fctzlichkeit oder Wahrhaftigkeit aller auf www.engranajesjuaristi.com enthaltenen Inhalte garantieren und schlie\u00dft daher jede direkte oder indirekte Haftung f\u00fcr Sch\u00e4den jeglicher Art aus, die sich aus der T\u00e4uschung \u00fcber die N\u00fctzlichkeit oder die Erwartungen ergeben, die der Benutzer m\u00f6glicherweise in sie gesetzt hat.<\/p>\r\n\r\n\r\n\r\n<p>4.3.\u00a0\u00a0\u00a0Vor Dritten ist der Benutzer allein verantwortlich f\u00fcr jegliche pers\u00f6nlich oder in seinem Namen an www.engranajesjuaristi.com gesendete Kommunikation, sowie f\u00fcr den eventuellen Missbrauch von Inhalten und Dienstleistungen auf dieser Website.<\/p>\r\n\r\n\r\n\r\n<p>4.4.\u00a0\u00a0 EJSL beh\u00e4lt sich das Recht vor, den Zugriff auf www.engranajesjuaristi.com zu Wartungs-, Reparatur-, Aktualisierungs- oder Verbesserungszwecken vor\u00fcbergehend und ohne vorherige Ank\u00fcndigung zu sperren. Wann immer dies die Umst\u00e4nde erm\u00f6glichen, ver\u00f6ffentlicht EJSL im Voraus auf seiner Website einen Hinweis auf diese Aussetzung der Dienstleistung unter Angabe des voraussichtlichen Datums.<\/p>\r\n\r\n\r\n\r\n<p>4.5.\u00a0\u00a0 Durch eventuell auf www.engranajesjuaristi.com vorhandene Links zu anderen Seiten k\u00f6nnen Sie zu Websites gelangen, f\u00fcr die EJSL keinerlei Verantwortung \u00fcbernimmt, da sie keine Kontrolle dar\u00fcber hat, denn diese Links werden von ihr lediglich deswegen bereitgestellt, damit der Benutzer sich \u00fcber andere Informationsquellen informieren kann. Daher liegt es in der ausschlie\u00dflichen Verantwortung des Benutzers, auf den Inhalt dieser Seiten zu den jeweiligen Nutzungsbedingungen zuzugreifen.<\/p>\r\n\r\n\r\n\r\n<p>4.6.\u00a0\u00a0 EJSL ist nicht verantwortlich f\u00fcr die Nutzung der Benutzer der Inhalte und Dienstleistungen auf ihrer Website. Daraus folgend wird ebenso keinerlei Gew\u00e4hrleistung daf\u00fcr \u00fcbernommen, dass die Benutzer die Inhalte und Dienstleistungen gem\u00e4\u00df der vorliegenden allgemeinen Nutzungsbedingungen verwenden und dies auf eine sorgf\u00e4ltige Art und Weise tun.<\/p>\r\n\r\n\r\n\r\n<p><em><strong>5.\u00a0\u00a0\u00a0 Datenschutzrichtlinie.<\/strong><\/em><\/p>\r\n\r\n\r\n\r\n<p>In Erf\u00fcllung des Grundgesetzes \u201eLey Org\u00e1nica 15\/1999\u201c vom 13. Dezember, zum Schutz personenbezogener Daten (\u201eLOPD\u201c), teilen wir Ihnen mit, dass alle personenbezogenen Daten, die Sie uns \u00fcber die Website www.engranajesjuaristi.net \u00fcbermitteln, vertraulich behandelt werden und in eine elektronische Datei \u00fcberf\u00fchrt werden, die alleiniges Eigentum ENGRANAJES JUARISTI, S.L. mit der Adresse POLIGONO ABENDA\u00d1O &#8211; ERROTAZAR KALEA, Nr. 1 20800 Zarautz GUIPUZKOA (Spanien) ist, und die ordnungsgem\u00e4\u00df bei der spanischen Datenschutzbeh\u00f6rde (www.agpd.es) registriert ist.<\/p>\r\n\r\n\r\n\r\n<p>Ihre personenbezogenen Daten werden zum Zweck der Beantwortung Ihrer Anfrage bzw. der Erbringung der von Ihnen gew\u00fcnschten Dienstleistung verwendet. Ihre Kontaktdaten k\u00f6nnen auf unbestimmte Zeit aufbewahrt werden, um Ihnen (\u00fcber elektronische oder nicht-elektronische Kan\u00e4le) Informationen \u00fcber unsere T\u00e4tigkeit zuzusenden, die f\u00fcr Sie von Interesse sein k\u00f6nnten, unbeschadet Ihres Widerrufsrechts, das Sie jederzeit aus\u00fcben k\u00f6nnen. Wenn Sie diese Informationen nicht erhalten m\u00f6chten, k\u00f6nnen Sie dies per E-Mai an info@engranajesjuaristi.com mitteilen und wir werden Ihre Daten unverz\u00fcglich l\u00f6schen.<\/p>\r\n\r\n\r\n\r\n<p>Wir setzen Sie auch dar\u00fcber in Kenntnis, dass Sie Ihre Rechte auf Zugang, Berichtigung, L\u00f6schung und Widerspruch gem\u00e4\u00df den Bestimmungen der LOPD aus\u00fcben k\u00f6nnen, indem Sie ein Einschreiben oder ein gleichwertiges Formular, das einen Nachweis des Empfangs erm\u00f6glicht, zusammen mit einer Kopie Ihresamtlichen Lichtbildausweises an folgende Adresse senden: POLIGONO ABENDA\u00d1O &#8211; ERROTAZAR KALEA, Nr. 1 20800 Zarautz GUIPUZKOA (Spanien). Ein Nichtausf\u00fcllen von gekennzeichneten Pflichtfeldern in elektronischen Formularen kann zur Folge haben, dass EJSL Ihrem Antrag nicht stattgeben kann.<\/p>\r\n\r\n\r\n\r\n<p>EJSL verkauft, \u00fcbertr\u00e4gt, vermietet oder \u00fcbermittelt in keiner Weise Informationen oder personenbezogene Daten seiner Kunden\/Benutzer an Dritte.<\/p>\r\n\r\n\r\n\r\n<p><strong>DER BENUTZER UNTERL\u00c4SST DIE EINGABE VON DATEN \u00dcBER SEINE GESUNDHEIT UND ANDERE BESONDERS GESCH\u00dcTZTE DATEN (WELTANSCHAUUNG, RELIGION, GLAUBEN, GEWERKSCHAFTSZUGEH\u00d6RIGKEIT, RASSISCHE HERKUNFT, GESCHLECHTLICHE GEWALT UND SEXUELLE ORIENTIERUNG) ODER PERSONENBEZOGENE DATEN DRITTER IN DIE KONTAKTFORMULARE DER WEBSITE, DA DAS INTERNET OHNE DEN SCHUTZ SICHERER ODER VERSCHL\u00dcSSELTER VERBINDUNGEN KEIN SICHERES MEDIUM ZUR \u00dcBERMITTLUNG DERARTIGER DATEN IST. UNSERE WEBSITE GARANTIERT NICHT DIE VERSCHL\u00dcSSELUNG DER KOMMUNIKATION.<\/strong><\/p>\r\n\r\n\r\n\r\n<p>Der Benutzer garantiert, dass die EJSL zur Verf\u00fcgung gestellten personenbezogenen Daten der Wahrheit entsprechen, und erkl\u00e4rt sich verantwortlich, jegliche \u00c4nderung derselben bekannt zu geben. Der Benutzer tr\u00e4gt die alleinige Verantwortung f\u00fcr alle direkten oder indirekten Sch\u00e4den oder Nachteile, die EJSL oder Dritten durch das Ausf\u00fcllen der Formulare mit falschen, ungenauen, unvollst\u00e4ndigen oder veralteten Daten entstehen. Der Benutzer darf keine personenbezogenen Daten Dritter eingeben, ohne diese zuvor von dem in vorliegender Datenschutzerkl\u00e4rung Festgesetzten informiert und deren Einverst\u00e4ndnis erhalten zu haben. Der Benutzer ist alleine f\u00fcr die Eingabe dieser Daten verantwortlich.<\/p>\r\n\r\n\r\n\r\n<p>Kinder und Jugendliche unter 18 Jahren m\u00fcssen f\u00fcr die Angabe personenbezogener Daten auf der Website von EJSL \u00fcber die Erlaubnis ihrer Eltern oder Erziehungsberechtigten verf\u00fcgen.<\/p>\r\n\r\n\r\n\r\n<p>EJSL hat die notwendigen Ma\u00dfnahmen ergriffen, um die Ver\u00e4nderung, den Verlust, die Bearbeitung oder den unbefugten Zugriff auf personenbezogene Daten zu vermeiden, wobei jederzeit der Stand der Technik, die Art der gespeicherten Daten und die Risiken, denen sie ausgesetzt sind, sei es durch menschliches Handeln oder durch die physische oder nat\u00fcrliche Umgebung, ber\u00fccksichtigt werden m\u00fcssen. Der Benutzer muss sich jedoch bewusst sein, dass die Sicherheitsma\u00dfnahmen im Internet nicht un\u00fcberwindbar sind.<\/p>\r\n\r\n\r\n\r\n<p><em><strong>6.\u00a0\u00a0\u00a0 Laufzeit und \u00c4nderung.<\/strong><\/em><\/p>\r\n\r\n\r\n\r\n<p>6.1. EJSL beh\u00e4lt sich das Recht vor, diese Zugangsbedingungen ganz oder teilweise zu \u00e4ndern, indem die \u00c4nderungen auf www.engranajesjuaristi.com ver\u00f6ffentlicht werden. Ebenso kann das Unternehmen EJSL ohne vorherige Ank\u00fcndigung alle ihm angemessen erscheinenden \u00c4nderungen an der Website vornehmen und sowohl die von ihm angebotenen Inhalte und Dienstleistungen als auch die Art und Weise, wie sie pr\u00e4sentiert oder platziert werden, \u00e4ndern, l\u00f6schen oder hinzuf\u00fcgen. Als g\u00fcltig gelten daher jene allgemeinen Bedingungen, die zum Zeitpunkt des Zugriffs durch den Benutzer auf www.engranajesjuaristi.com g\u00fcltig sind. Aus diesem Grund muss der Benutzer die genannten Nutzungsbedingungen in regelm\u00e4\u00dfigen Abst\u00e4nden lesen.<\/p>\r\n\r\n\r\n\r\n<p>6.2. Ungeachtet der Bestimmungen der besonderen Bedingungen erkl\u00e4rt der Benutzer, zu wissen und ausdr\u00fccklich zu akzeptieren, dass EJSL aus wirtschaftlichen, gesch\u00e4ftlichen oder Opportunit\u00e4tsgr\u00fcnden jederzeit einseitig und ohne jegliche Begr\u00fcndung www.engranajesjuaristi.com vor\u00fcbergehend oder dauerhaft aussetzen, unterbrechen oder schlie\u00dfen kann, ohne dass der Benutzer irgendeine Entsch\u00e4digung verlangen kann.<\/p>\r\n\r\n\r\n\r\n<p><em><strong>7.\u00a0\u00a0\u00a0 Anwendbares Recht und Gerichtsstand.<\/strong><\/em><\/p>\r\n\r\n\r\n\r\n<p>Die Beziehungen zwischen EJSL und dem Benutzer unterliegen den Bestimmungen der g\u00fcltigen Vorschriften \u00fcber anwendbares Recht und zust\u00e4ndiger Gerichtsbarkeit. F\u00fcr die F\u00e4lle jedoch, in denen die Bestimmungen die M\u00f6glichkeit vorsehen, dass sich die Parteien einem Gerichtsstand unterwerfen, unterwerfen sich EJSL und der Benutzer unter ausdr\u00fccklichem Verzicht auf jeden anderen Gerichtsstand, der ihnen entsprechen k\u00f6nnte, den Gerichten der Stadt San Sebasti\u00e1n (Spanien).<\/p>\r\n","protected":false},"excerpt":{"rendered":"<p>RECHTLICHER HINWEIS &nbsp; 1.\u00a0\u00a0\u00a0 Identit\u00e4t des Inhabers der Website. In \u00dcbereinstimmung mit dem Gesetz 34\/2002 vom 11. Juli \u00fcber Dienstleistungen der IGem\u00e4\u00df dem Gesetz 34\/2002 vom 11. Juli \u00fcber Dienstleistungen f\u00fcr die Informationsgesellschaft und den elektronischen Gesch\u00e4ftsverkehr informieren wir Sie nachfolgend \u00fcber den Inhaber der Webseite engranajesjuaristi.com Firmenname:\u00a0 ENGRANAJES JUARISTI, S.L. Umsatzsteuer-Id.-Nr.: B20055802 Anschrift: POLIGONO [&#8230;]\n","protected":false},"author":5,"featured_media":0,"parent":0,"menu_order":0,"comment_status":"closed","ping_status":"closed","template":"","meta":{"footnotes":""},"class_list":["post-4576","page","type-page","status-publish","hentry"],"yoast_head":"<!-- This site is optimized with the Yoast SEO plugin v27.5 - https:\/\/yoast.com\/product\/yoast-seo-wordpress\/ -->\n<title>Rechtlicher Hinweis - Engranajes Juaristi<\/title>\n<meta name=\"robots\" content=\"index, follow, max-snippet:-1, max-image-preview:large, max-video-preview:-1\" \/>\n<link rel=\"canonical\" href=\"https:\/\/engranajesjuaristi.com\/de\/rechtlicher-hinweis\/\" \/>\n<meta property=\"og:locale\" content=\"de_DE\" \/>\n<meta property=\"og:type\" content=\"article\" \/>\n<meta property=\"og:title\" content=\"Rechtlicher Hinweis - Engranajes Juaristi\" \/>\n<meta property=\"og:description\" content=\"RECHTLICHER HINWEIS &nbsp; 1.\u00a0\u00a0\u00a0 Identit\u00e4t des Inhabers der Website. In \u00dcbereinstimmung mit dem Gesetz 34\/2002 vom 11. Juli \u00fcber Dienstleistungen der IGem\u00e4\u00df dem Gesetz 34\/2002 vom 11. Juli \u00fcber Dienstleistungen f\u00fcr die Informationsgesellschaft und den elektronischen Gesch\u00e4ftsverkehr informieren wir Sie nachfolgend \u00fcber den Inhaber der Webseite engranajesjuaristi.com Firmenname:\u00a0 ENGRANAJES JUARISTI, S.L. Umsatzsteuer-Id.-Nr.: B20055802 Anschrift: POLIGONO [...]\" \/>\n<meta property=\"og:url\" content=\"https:\/\/engranajesjuaristi.com\/de\/rechtlicher-hinweis\/\" \/>\n<meta property=\"og:site_name\" content=\"Engranajes Juaristi\" \/>\n<meta property=\"article:modified_time\" content=\"2024-12-19T14:13:37+00:00\" \/>\n<meta property=\"og:image\" content=\"https:\/\/engranajesjuaristi.com\/wp-content\/uploads\/2021\/05\/juaristi_logo_web3.png\" \/>\n\t<meta property=\"og:image:width\" content=\"810\" \/>\n\t<meta property=\"og:image:height\" content=\"182\" \/>\n\t<meta property=\"og:image:type\" content=\"image\/png\" \/>\n<meta name=\"twitter:card\" content=\"summary_large_image\" \/>\n<meta name=\"twitter:label1\" content=\"Gesch\u00e4tzte Lesezeit\" \/>\n\t<meta name=\"twitter:data1\" content=\"8\u00a0Minuten\" \/>\n<script type=\"application\/ld+json\" class=\"yoast-schema-graph\">{\"@context\":\"https:\\\/\\\/schema.org\",\"@graph\":[{\"@type\":\"WebPage\",\"@id\":\"https:\\\/\\\/engranajesjuaristi.com\\\/de\\\/rechtlicher-hinweis\\\/\",\"url\":\"https:\\\/\\\/engranajesjuaristi.com\\\/de\\\/rechtlicher-hinweis\\\/\",\"name\":\"Rechtlicher Hinweis - Engranajes Juaristi\",\"isPartOf\":{\"@id\":\"https:\\\/\\\/engranajesjuaristi.com\\\/de\\\/#website\"},\"datePublished\":\"2018-11-22T09:10:26+00:00\",\"dateModified\":\"2024-12-19T14:13:37+00:00\",\"breadcrumb\":{\"@id\":\"https:\\\/\\\/engranajesjuaristi.com\\\/de\\\/rechtlicher-hinweis\\\/#breadcrumb\"},\"inLanguage\":\"de\",\"potentialAction\":[{\"@type\":\"ReadAction\",\"target\":[\"https:\\\/\\\/engranajesjuaristi.com\\\/de\\\/rechtlicher-hinweis\\\/\"]}]},{\"@type\":\"BreadcrumbList\",\"@id\":\"https:\\\/\\\/engranajesjuaristi.com\\\/de\\\/rechtlicher-hinweis\\\/#breadcrumb\",\"itemListElement\":[{\"@type\":\"ListItem\",\"position\":1,\"name\":\"Portada\",\"item\":\"https:\\\/\\\/engranajesjuaristi.com\\\/de\\\/\"},{\"@type\":\"ListItem\",\"position\":2,\"name\":\"Rechtlicher Hinweis\"}]},{\"@type\":\"WebSite\",\"@id\":\"https:\\\/\\\/engranajesjuaristi.com\\\/de\\\/#website\",\"url\":\"https:\\\/\\\/engranajesjuaristi.com\\\/de\\\/\",\"name\":\"Engranajes Juaristi\",\"description\":\"Fabricaci\u00f3n de Engranajes, Cremalleras, Grupos sinfin-corona, Pi\u00f1ones\",\"publisher\":{\"@id\":\"https:\\\/\\\/engranajesjuaristi.com\\\/de\\\/#organization\"},\"potentialAction\":[{\"@type\":\"SearchAction\",\"target\":{\"@type\":\"EntryPoint\",\"urlTemplate\":\"https:\\\/\\\/engranajesjuaristi.com\\\/de\\\/?s={search_term_string}\"},\"query-input\":{\"@type\":\"PropertyValueSpecification\",\"valueRequired\":true,\"valueName\":\"search_term_string\"}}],\"inLanguage\":\"de\"},{\"@type\":\"Organization\",\"@id\":\"https:\\\/\\\/engranajesjuaristi.com\\\/de\\\/#organization\",\"name\":\"Engranajes Juaristi\",\"url\":\"https:\\\/\\\/engranajesjuaristi.com\\\/de\\\/\",\"logo\":{\"@type\":\"ImageObject\",\"inLanguage\":\"de\",\"@id\":\"https:\\\/\\\/engranajesjuaristi.com\\\/de\\\/#\\\/schema\\\/logo\\\/image\\\/\",\"url\":\"https:\\\/\\\/engranajesjuaristi.com\\\/wp-content\\\/uploads\\\/2021\\\/05\\\/juaristi_logo_web3.png\",\"contentUrl\":\"https:\\\/\\\/engranajesjuaristi.com\\\/wp-content\\\/uploads\\\/2021\\\/05\\\/juaristi_logo_web3.png\",\"width\":810,\"height\":182,\"caption\":\"Engranajes Juaristi\"},\"image\":{\"@id\":\"https:\\\/\\\/engranajesjuaristi.com\\\/de\\\/#\\\/schema\\\/logo\\\/image\\\/\"},\"sameAs\":[\"https:\\\/\\\/www.linkedin.com\\\/company\\\/engranajesjuaristi\\\/\"]}]}<\/script>\n<!-- \/ Yoast SEO plugin. -->","yoast_head_json":{"title":"Rechtlicher Hinweis - Engranajes Juaristi","robots":{"index":"index","follow":"follow","max-snippet":"max-snippet:-1","max-image-preview":"max-image-preview:large","max-video-preview":"max-video-preview:-1"},"canonical":"https:\/\/engranajesjuaristi.com\/de\/rechtlicher-hinweis\/","og_locale":"de_DE","og_type":"article","og_title":"Rechtlicher Hinweis - Engranajes Juaristi","og_description":"RECHTLICHER HINWEIS &nbsp; 1.\u00a0\u00a0\u00a0 Identit\u00e4t des Inhabers der Website. In \u00dcbereinstimmung mit dem Gesetz 34\/2002 vom 11. Juli \u00fcber Dienstleistungen der IGem\u00e4\u00df dem Gesetz 34\/2002 vom 11. Juli \u00fcber Dienstleistungen f\u00fcr die Informationsgesellschaft und den elektronischen Gesch\u00e4ftsverkehr informieren wir Sie nachfolgend \u00fcber den Inhaber der Webseite engranajesjuaristi.com Firmenname:\u00a0 ENGRANAJES JUARISTI, S.L. Umsatzsteuer-Id.-Nr.: B20055802 Anschrift: POLIGONO [...]","og_url":"https:\/\/engranajesjuaristi.com\/de\/rechtlicher-hinweis\/","og_site_name":"Engranajes Juaristi","article_modified_time":"2024-12-19T14:13:37+00:00","og_image":[{"width":810,"height":182,"url":"https:\/\/engranajesjuaristi.com\/wp-content\/uploads\/2021\/05\/juaristi_logo_web3.png","type":"image\/png"}],"twitter_card":"summary_large_image","twitter_misc":{"Gesch\u00e4tzte Lesezeit":"8\u00a0Minuten"},"schema":{"@context":"https:\/\/schema.org","@graph":[{"@type":"WebPage","@id":"https:\/\/engranajesjuaristi.com\/de\/rechtlicher-hinweis\/","url":"https:\/\/engranajesjuaristi.com\/de\/rechtlicher-hinweis\/","name":"Rechtlicher Hinweis - Engranajes Juaristi","isPartOf":{"@id":"https:\/\/engranajesjuaristi.com\/de\/#website"},"datePublished":"2018-11-22T09:10:26+00:00","dateModified":"2024-12-19T14:13:37+00:00","breadcrumb":{"@id":"https:\/\/engranajesjuaristi.com\/de\/rechtlicher-hinweis\/#breadcrumb"},"inLanguage":"de","potentialAction":[{"@type":"ReadAction","target":["https:\/\/engranajesjuaristi.com\/de\/rechtlicher-hinweis\/"]}]},{"@type":"BreadcrumbList","@id":"https:\/\/engranajesjuaristi.com\/de\/rechtlicher-hinweis\/#breadcrumb","itemListElement":[{"@type":"ListItem","position":1,"name":"Portada","item":"https:\/\/engranajesjuaristi.com\/de\/"},{"@type":"ListItem","position":2,"name":"Rechtlicher Hinweis"}]},{"@type":"WebSite","@id":"https:\/\/engranajesjuaristi.com\/de\/#website","url":"https:\/\/engranajesjuaristi.com\/de\/","name":"Engranajes Juaristi","description":"Fabricaci\u00f3n de Engranajes, Cremalleras, Grupos sinfin-corona, Pi\u00f1ones","publisher":{"@id":"https:\/\/engranajesjuaristi.com\/de\/#organization"},"potentialAction":[{"@type":"SearchAction","target":{"@type":"EntryPoint","urlTemplate":"https:\/\/engranajesjuaristi.com\/de\/?s={search_term_string}"},"query-input":{"@type":"PropertyValueSpecification","valueRequired":true,"valueName":"search_term_string"}}],"inLanguage":"de"},{"@type":"Organization","@id":"https:\/\/engranajesjuaristi.com\/de\/#organization","name":"Engranajes Juaristi","url":"https:\/\/engranajesjuaristi.com\/de\/","logo":{"@type":"ImageObject","inLanguage":"de","@id":"https:\/\/engranajesjuaristi.com\/de\/#\/schema\/logo\/image\/","url":"https:\/\/engranajesjuaristi.com\/wp-content\/uploads\/2021\/05\/juaristi_logo_web3.png","contentUrl":"https:\/\/engranajesjuaristi.com\/wp-content\/uploads\/2021\/05\/juaristi_logo_web3.png","width":810,"height":182,"caption":"Engranajes Juaristi"},"image":{"@id":"https:\/\/engranajesjuaristi.com\/de\/#\/schema\/logo\/image\/"},"sameAs":["https:\/\/www.linkedin.com\/company\/engranajesjuaristi\/"]}]}},"_links":{"self":[{"href":"https:\/\/engranajesjuaristi.com\/de\/wp-json\/wp\/v2\/pages\/4576","targetHints":{"allow":["GET"]}}],"collection":[{"href":"https:\/\/engranajesjuaristi.com\/de\/wp-json\/wp\/v2\/pages"}],"about":[{"href":"https:\/\/engranajesjuaristi.com\/de\/wp-json\/wp\/v2\/types\/page"}],"author":[{"embeddable":true,"href":"https:\/\/engranajesjuaristi.com\/de\/wp-json\/wp\/v2\/users\/5"}],"replies":[{"embeddable":true,"href":"https:\/\/engranajesjuaristi.com\/de\/wp-json\/wp\/v2\/comments?post=4576"}],"version-history":[{"count":3,"href":"https:\/\/engranajesjuaristi.com\/de\/wp-json\/wp\/v2\/pages\/4576\/revisions"}],"predecessor-version":[{"id":6433,"href":"https:\/\/engranajesjuaristi.com\/de\/wp-json\/wp\/v2\/pages\/4576\/revisions\/6433"}],"wp:attachment":[{"href":"https:\/\/engranajesjuaristi.com\/de\/wp-json\/wp\/v2\/media?parent=4576"}],"curies":[{"name":"wp","href":"https:\/\/api.w.org\/{rel}","templated":true}]}}